{"id":5733,"date":"2013-12-19T15:45:12","date_gmt":"2013-12-19T15:45:12","guid":{"rendered":"https:\/\/www.flutlicht.biz\/en\/contact\/"},"modified":"2022-12-09T10:19:14","modified_gmt":"2022-12-09T10:19:14","slug":"contact","status":"publish","type":"page","link":"https:\/\/www.flutlicht.biz\/en\/contact\/","title":{"rendered":"Contact"},"content":{"rendered":"<div class=\"form sevencol\" id=\"contactForm\">\n<div class=\"wpcf7 no-js\" id=\"wpcf7-f20091-o1\" lang=\"de-DE\" dir=\"ltr\" data-wpcf7-id=\"20091\">\n<div class=\"screen-reader-response\">\n<p role=\"status\" aria-live=\"polite\" aria-atomic=\"true\">\n<ul><\/ul>\n<\/div>\n<form action=\"\/en\/wp-json\/wp\/v2\/pages\/5733#wpcf7-f20091-o1\" method=\"post\" class=\"wpcf7-form init\" aria-label=\"Kontaktformular\" novalidate=\"novalidate\" data-status=\"init\">\n<div style=\"display: none;\">\n<input type=\"hidden\" name=\"_wpcf7\" value=\"20091\" \/><br \/>\n<input type=\"hidden\" name=\"_wpcf7_version\" value=\"6.0.6\" \/><br \/>\n<input type=\"hidden\" name=\"_wpcf7_locale\" value=\"de_DE\" \/><br \/>\n<input type=\"hidden\" name=\"_wpcf7_unit_tag\" value=\"wpcf7-f20091-o1\" \/><br \/>\n<input type=\"hidden\" name=\"_wpcf7_container_post\" value=\"0\" \/><br \/>\n<input type=\"hidden\" name=\"_wpcf7_posted_data_hash\" value=\"\" \/><br \/>\n<input type=\"hidden\" name=\"_sf_post_id\" value=\"5733\" \/><br \/>\n<input type=\"hidden\" name=\"_sf_form_name\" value=\"contactform\" \/>\n<\/div>\n<div class=\"gdpr-notice\">\n<p><strong>Note:<\/strong> The data you enter here will be used exclusively for processing your contact request and for communication with you.<br \/>\nFor more information, please see our <a href=\"\/en\/data-protection\" target=\"_blank\">Privacy Policy<\/a>.\n\t<\/p>\n<\/div>\n<p><label for=\"gender\">Salutation<\/label><br \/>\n<span class=\"wpcf7-form-control-wrap\" data-name=\"gender\"><select class=\"wpcf7-form-control wpcf7-select\" id=\"gender\" autocomplete=\"honorific-prefix\" aria-invalid=\"false\" name=\"gender\"><option value=\"\">&#8211; Bitte ausw\u00e4hlen &#8211;<\/option><option value=\"Mrs\">Mrs<\/option><option value=\"Mr\">Mr<\/option><option value=\"Diverse\">Diverse<\/option><\/select><\/span>\n<\/p>\n<p><label for=\"contactname\">Name* (Required)<\/label><br \/>\n<span class=\"wpcf7-form-control-wrap\" data-name=\"contactname\"><input size=\"30\" maxlength=\"60\" class=\"wpcf7-form-control wpcf7-text wpcf7-validates-as-required\" id=\"contactname\" autocomplete=\"name\" aria-required=\"true\" aria-invalid=\"false\" value=\"\" type=\"text\" name=\"contactname\" \/><\/span>\n<\/p>\n<p><label for=\"email\">E-mail address* (Required)<\/label><br \/>\n<span class=\"wpcf7-form-control-wrap\" data-name=\"email\"><input size=\"30\" maxlength=\"100\" class=\"wpcf7-form-control wpcf7-email wpcf7-validates-as-required wpcf7-text wpcf7-validates-as-email\" id=\"email\" autocomplete=\"email\" aria-required=\"true\" aria-invalid=\"false\" value=\"\" type=\"email\" name=\"email\" \/><\/span>\n<\/p>\n<p><label for=\"phone\">Phone (optional)<\/label><br \/>\n<span class=\"wpcf7-form-control-wrap\" data-name=\"telefon\"><input size=\"20\" maxlength=\"20\" class=\"wpcf7-form-control wpcf7-tel wpcf7-text wpcf7-validates-as-tel\" id=\"phone\" autocomplete=\"tel\" aria-invalid=\"false\" placeholder=\"e.g. +49 911 123456\" value=\"\" type=\"tel\" name=\"telefon\" \/><\/span>\n<\/p>\n<p><label for=\"kommentar\">Your message<\/label><br \/>\n<span class=\"wpcf7-form-control-wrap\" data-name=\"kommentar\"><textarea cols=\"40\" rows=\"10\" maxlength=\"2000\" class=\"wpcf7-form-control wpcf7-textarea\" id=\"kommentar\" aria-invalid=\"false\" placeholder=\"Please describe your request...\" name=\"kommentar\"><\/textarea><\/span>\n<\/p>\n<p><span id=\"wpcf7-69f2b99d7bf38-wrapper\" class=\"wpcf7-form-control-wrap firstname-wrap\" style=\"display:none !important; visibility:hidden !important;\"><label for=\"firstname\" class=\"hp-message\">Bitte lasse dieses Feld leer.<\/label><input id=\"firstname\"  class=\"wpcf7-form-control wpcf7-text\" type=\"text\" name=\"firstname\" value=\"\" size=\"40\" tabindex=\"-1\" autocomplete=\"new-password\" \/><\/span>\n<\/p>\n<p><span class=\"wpcf7-form-control-wrap\" data-name=\"gdpr-consent\"><span class=\"wpcf7-form-control wpcf7-acceptance\"><span class=\"wpcf7-list-item\"><label><input type=\"checkbox\" name=\"gdpr-consent\" value=\"1\" class=\"gdpr-checkbox\" id=\"gdpr-consent\" aria-invalid=\"false\" \/><span class=\"wpcf7-list-item-label\">* I have read the <a href=\"\/en\/data-protection\" target=\"_blank\">Privacy Policy<\/a> and agree to the processing of my data for processing my request. Consent can be revoked at any time.<\/span><\/label><\/span><\/span><\/span>\n<\/p>\n<div>\n<div class=\"cf7-cf-turnstile\" style=\"margin-top: 0px; margin-bottom: -15px;\">\n<div id=\"cf-turnstile-cf7-4084489325\" class=\"cf-turnstile\" data-callback=\"turnstileCF7Callback\" data-sitekey=\"0x4AAAAAAABD0RNGCE8y-LrO\" data-theme=\"light\" data-language=\"auto\" data-size=\"\" data-retry=\"auto\" data-retry-interval=\"1000\" data-action=\"contact-form-7\" data-appearance=\"always\"><\/div>\n<style>-cf7-4084489325 { pointer-events: none; opacity: 0.5; }<\/style>\n<p> <script>document.addEventListener(\"DOMContentLoaded\",(function(){var e=document.getElementById(\"cf-turnstile-cf7-4084489325\");e&&!e.innerHTML.trim()&&(turnstile.remove(\"#cf-turnstile-cf7-4084489325\"),turnstile.render(\"#cf-turnstile-cf7-4084489325\",{sitekey:\"0x4AAAAAAABD0RNGCE8y-LrO\"}))}));<\/script> <br class=\"cf-turnstile-br cf-turnstile-br-cf7-4084489325\"> <\/p>\n<style>#cf-turnstile-cf7-4084489325 { margin-left: -15px; }<\/style>\n<p> <script>document.addEventListener(\"DOMContentLoaded\",function(){document.querySelectorAll('.wpcf7-form').forEach(function(e){e.addEventListener('submit',function(){if(document.getElementById('cf-turnstile-cf7-4084489325')){setTimeout(function(){turnstile.reset('#cf-turnstile-cf7-4084489325');},1000)}})})});<\/script> <\/div>\n<p><input class=\"wpcf7-form-control wpcf7-submit has-spinner submit superlink\" type=\"submit\" value=\"Send E-mail\" \/>\n\t<\/p>\n<\/div>\n<p style=\"display: none !important;\" class=\"akismet-fields-container\" data-prefix=\"_wpcf7_ak_\"><label>&#916;<textarea name=\"_wpcf7_ak_hp_textarea\" cols=\"45\" rows=\"8\" maxlength=\"100\"><\/textarea><\/label><input type=\"hidden\" id=\"ak_js_1\" name=\"_wpcf7_ak_js\" value=\"240\"\/><script>document.getElementById( \"ak_js_1\" ).setAttribute( \"value\", ( new Date() ).getTime() );<\/script><\/p>\n<div class=\"wpcf7-response-output\" aria-hidden=\"true\"><\/div>\n<\/form>\n<\/div>\n<\/div>\n<div class=\"entry-content fivecol last\">\n<div id=\"location1\"><strong>Flutlicht GmbH<\/strong>\u00a0Allersberger Stra\u00dfe 185\/G, 90461 Nuremberg, Phone: +49-(0)911-47495-0, Fax: +49-(0)911-47495-55, Email:\u00a0<a title=\"info@flutlicht.biz\" href=\"mailto:info@flutlicht.biz\">info@flutlicht.biz<\/a><\/div>\n<div><a class=\"wp-attachment-link\" href=\"https:\/\/flutlicht.biz\/wp-content\/uploads\/2013\/09\/contact-office-nuremberg-headquarter-flutlicht.jpg\"><img decoding=\"async\" class=\"alignnone size-full wp-image-14150\" src=\"https:\/\/flutlicht.biz\/wp-content\/uploads\/2013\/09\/contact-office-nuremberg-headquarter-flutlicht.jpg\" alt=\"Contact Office Nuremberg Headquarter Flutlicht N\u00fcrbanum \" width=\"270\" height=\"180\" \/><\/a><\/div>\n<p>&nbsp;<\/p>\n<div id=\"location2\"><strong>Munich Office:<\/strong>\u00a0Lindwurmstra\u00dfe 124, 80337 Munich,<br \/>\nPhone: +49-(0)89-7294903-0, Fax: +49-(0)89-7294903-22,<br \/>\nEmail:\u00a0<a title=\"info@flutlicht.biz\" href=\"mailto:info@flutlicht.biz\">info@flutlicht.biz<\/a><\/div>\n<div><a class=\"wp-attachment-link\" href=\"https:\/\/flutlicht.biz\/wp-content\/uploads\/2013\/09\/contact-office-munich-flutlicht.jpg\"><img decoding=\"async\" class=\"alignnone size-full wp-image-14149\" src=\"https:\/\/flutlicht.biz\/wp-content\/uploads\/2013\/09\/contact-office-munich-flutlicht.jpg\" alt=\"Contact Office Munich Flutlicht \" width=\"270\" height=\"180\" \/><\/a><\/div>\n<\/div>\n","protected":false},"excerpt":{"rendered":"<p>Flutlicht GmbH\u00a0Allersberger Stra\u00dfe 185\/G, 90461 Nuremberg, Phone: +49-(0)911-47495-0, Fax: +49-(0)911-47495-55, Email:\u00a0info@flutlicht.biz &nbsp; Munich Office:\u00a0Lindwurmstra\u00dfe 124, 80337 Munich,&#8230;<\/p>\n","protected":false},"author":21,"featured_media":14150,"parent":0,"menu_order":0,"comment_status":"open","ping_status":"open","template":"template-contact.php","meta":{"_acf_changed":false,"footnotes":""},"class_list":["post-5733","page","type-page","status-publish","has-post-thumbnail","hentry"],"acf":[],"yoast_head":"<!-- This site is optimized with the Yoast SEO plugin v24.3 - https:\/\/yoast.com\/wordpress\/plugins\/seo\/ -->\n<title>Contact - Flutlicht<\/title>\n<meta name=\"description\" content=\"Flutlicht GmbH\u00a0Allersberger Stra\u00dfe 185\/G, 90461 Nuremberg, Phone: +49-(0)911-47495-0, Fax: +49-(0)911-47495-55, Email:\u00a0info@flutlicht.biz &nbsp; Munich\" \/>\n<meta name=\"robots\" content=\"index, follow, max-snippet:-1, max-image-preview:large, max-video-preview:-1\" \/>\n<link rel=\"canonical\" href=\"https:\/\/www.flutlicht.biz\/en\/contact\/\" \/>\n<meta property=\"og:locale\" content=\"en_US\" \/>\n<meta property=\"og:type\" content=\"article\" \/>\n<meta property=\"og:title\" content=\"Contact - Flutlicht\" \/>\n<meta property=\"og:description\" content=\"Flutlicht GmbH\u00a0Allersberger Stra\u00dfe 185\/G, 90461 Nuremberg, Phone: +49-(0)911-47495-0, Fax: +49-(0)911-47495-55, Email:\u00a0info@flutlicht.biz &nbsp; Munich\" \/>\n<meta property=\"og:url\" content=\"https:\/\/www.flutlicht.biz\/en\/contact\/\" \/>\n<meta property=\"og:site_name\" content=\"Flutlicht\" \/>\n<meta property=\"article:publisher\" content=\"https:\/\/www.facebook.com\/FlutlichtPR\/\" \/>\n<meta property=\"article:modified_time\" content=\"2022-12-09T10:19:14+00:00\" \/>\n<meta property=\"og:image\" content=\"https:\/\/www.flutlicht.biz\/wp-content\/uploads\/2013\/09\/contact-office-nuremberg-headquarter-flutlicht.jpg\" \/>\n\t<meta property=\"og:image:width\" content=\"270\" \/>\n\t<meta property=\"og:image:height\" content=\"180\" \/>\n\t<meta property=\"og:image:type\" content=\"image\/jpeg\" \/>\n<meta name=\"twitter:card\" content=\"summary_large_image\" \/>\n<meta name=\"twitter:site\" content=\"@FlutlichtPR\" \/>\n<script type=\"application\/ld+json\" class=\"yoast-schema-graph\">{\"@context\":\"https:\/\/schema.org\",\"@graph\":[{\"@type\":\"WebPage\",\"@id\":\"https:\/\/www.flutlicht.biz\/en\/contact\/\",\"url\":\"https:\/\/www.flutlicht.biz\/en\/contact\/\",\"name\":\"Contact - Flutlicht\",\"isPartOf\":{\"@id\":\"https:\/\/www.flutlicht.biz\/#website\"},\"primaryImageOfPage\":{\"@id\":\"https:\/\/www.flutlicht.biz\/en\/contact\/#primaryimage\"},\"image\":{\"@id\":\"https:\/\/www.flutlicht.biz\/en\/contact\/#primaryimage\"},\"thumbnailUrl\":\"https:\/\/www.flutlicht.biz\/wp-content\/uploads\/2013\/09\/contact-office-nuremberg-headquarter-flutlicht.jpg\",\"datePublished\":\"2013-12-19T15:45:12+00:00\",\"dateModified\":\"2022-12-09T10:19:14+00:00\",\"description\":\"Flutlicht GmbH\u00a0Allersberger Stra\u00dfe 185\/G, 90461 Nuremberg, Phone: +49-(0)911-47495-0, Fax: +49-(0)911-47495-55, Email:\u00a0info@flutlicht.biz &nbsp; Munich\",\"inLanguage\":\"en-US\",\"potentialAction\":[{\"@type\":\"ReadAction\",\"target\":[\"https:\/\/www.flutlicht.biz\/en\/contact\/\"]}]},{\"@type\":\"ImageObject\",\"inLanguage\":\"en-US\",\"@id\":\"https:\/\/www.flutlicht.biz\/en\/contact\/#primaryimage\",\"url\":\"https:\/\/www.flutlicht.biz\/wp-content\/uploads\/2013\/09\/contact-office-nuremberg-headquarter-flutlicht.jpg\",\"contentUrl\":\"https:\/\/www.flutlicht.biz\/wp-content\/uploads\/2013\/09\/contact-office-nuremberg-headquarter-flutlicht.jpg\",\"width\":270,\"height\":180,\"caption\":\"Contact Office Nuremberg Headquarter Flutlicht N\u00fcrbanum\"},{\"@type\":\"WebSite\",\"@id\":\"https:\/\/www.flutlicht.biz\/#website\",\"url\":\"https:\/\/www.flutlicht.biz\/\",\"name\":\"Flutlicht\",\"description\":\"PR-Agentur f\u00fcr Technologie IT TK UE in N\u00fcrnberg + M\u00fcnchen - Flutlicht\",\"potentialAction\":[{\"@type\":\"SearchAction\",\"target\":{\"@type\":\"EntryPoint\",\"urlTemplate\":\"https:\/\/www.flutlicht.biz\/?s={search_term_string}\"},\"query-input\":{\"@type\":\"PropertyValueSpecification\",\"valueRequired\":true,\"valueName\":\"search_term_string\"}}],\"inLanguage\":\"en-US\"}]}<\/script>\n<!-- \/ Yoast SEO plugin. -->","yoast_head_json":{"title":"Contact - Flutlicht","description":"Flutlicht GmbH\u00a0Allersberger Stra\u00dfe 185\/G, 90461 Nuremberg, Phone: +49-(0)911-47495-0, Fax: +49-(0)911-47495-55, Email:\u00a0info@flutlicht.biz &nbsp; Munich","robots":{"index":"index","follow":"follow","max-snippet":"max-snippet:-1","max-image-preview":"max-image-preview:large","max-video-preview":"max-video-preview:-1"},"canonical":"https:\/\/www.flutlicht.biz\/en\/contact\/","og_locale":"en_US","og_type":"article","og_title":"Contact - Flutlicht","og_description":"Flutlicht GmbH\u00a0Allersberger Stra\u00dfe 185\/G, 90461 Nuremberg, Phone: +49-(0)911-47495-0, Fax: +49-(0)911-47495-55, Email:\u00a0info@flutlicht.biz &nbsp; Munich","og_url":"https:\/\/www.flutlicht.biz\/en\/contact\/","og_site_name":"Flutlicht","article_publisher":"https:\/\/www.facebook.com\/FlutlichtPR\/","article_modified_time":"2022-12-09T10:19:14+00:00","og_image":[{"width":270,"height":180,"url":"https:\/\/www.flutlicht.biz\/wp-content\/uploads\/2013\/09\/contact-office-nuremberg-headquarter-flutlicht.jpg","type":"image\/jpeg"}],"twitter_card":"summary_large_image","twitter_site":"@FlutlichtPR","schema":{"@context":"https:\/\/schema.org","@graph":[{"@type":"WebPage","@id":"https:\/\/www.flutlicht.biz\/en\/contact\/","url":"https:\/\/www.flutlicht.biz\/en\/contact\/","name":"Contact - Flutlicht","isPartOf":{"@id":"https:\/\/www.flutlicht.biz\/#website"},"primaryImageOfPage":{"@id":"https:\/\/www.flutlicht.biz\/en\/contact\/#primaryimage"},"image":{"@id":"https:\/\/www.flutlicht.biz\/en\/contact\/#primaryimage"},"thumbnailUrl":"https:\/\/www.flutlicht.biz\/wp-content\/uploads\/2013\/09\/contact-office-nuremberg-headquarter-flutlicht.jpg","datePublished":"2013-12-19T15:45:12+00:00","dateModified":"2022-12-09T10:19:14+00:00","description":"Flutlicht GmbH\u00a0Allersberger Stra\u00dfe 185\/G, 90461 Nuremberg, Phone: +49-(0)911-47495-0, Fax: +49-(0)911-47495-55, Email:\u00a0info@flutlicht.biz &nbsp; Munich","inLanguage":"en-US","potentialAction":[{"@type":"ReadAction","target":["https:\/\/www.flutlicht.biz\/en\/contact\/"]}]},{"@type":"ImageObject","inLanguage":"en-US","@id":"https:\/\/www.flutlicht.biz\/en\/contact\/#primaryimage","url":"https:\/\/www.flutlicht.biz\/wp-content\/uploads\/2013\/09\/contact-office-nuremberg-headquarter-flutlicht.jpg","contentUrl":"https:\/\/www.flutlicht.biz\/wp-content\/uploads\/2013\/09\/contact-office-nuremberg-headquarter-flutlicht.jpg","width":270,"height":180,"caption":"Contact Office Nuremberg Headquarter Flutlicht N\u00fcrbanum"},{"@type":"WebSite","@id":"https:\/\/www.flutlicht.biz\/#website","url":"https:\/\/www.flutlicht.biz\/","name":"Flutlicht","description":"PR-Agentur f\u00fcr Technologie IT TK UE in N\u00fcrnberg + M\u00fcnchen - Flutlicht","potentialAction":[{"@type":"SearchAction","target":{"@type":"EntryPoint","urlTemplate":"https:\/\/www.flutlicht.biz\/?s={search_term_string}"},"query-input":{"@type":"PropertyValueSpecification","valueRequired":true,"valueName":"search_term_string"}}],"inLanguage":"en-US"}]}},"_links":{"self":[{"href":"https:\/\/www.flutlicht.biz\/en\/wp-json\/wp\/v2\/pages\/5733","targetHints":{"allow":["GET"]}}],"collection":[{"href":"https:\/\/www.flutlicht.biz\/en\/wp-json\/wp\/v2\/pages"}],"about":[{"href":"https:\/\/www.flutlicht.biz\/en\/wp-json\/wp\/v2\/types\/page"}],"author":[{"embeddable":true,"href":"https:\/\/www.flutlicht.biz\/en\/wp-json\/wp\/v2\/users\/21"}],"replies":[{"embeddable":true,"href":"https:\/\/www.flutlicht.biz\/en\/wp-json\/wp\/v2\/comments?post=5733"}],"version-history":[{"count":15,"href":"https:\/\/www.flutlicht.biz\/en\/wp-json\/wp\/v2\/pages\/5733\/revisions"}],"predecessor-version":[{"id":20101,"href":"https:\/\/www.flutlicht.biz\/en\/wp-json\/wp\/v2\/pages\/5733\/revisions\/20101"}],"wp:featuredmedia":[{"embeddable":true,"href":"https:\/\/www.flutlicht.biz\/en\/wp-json\/wp\/v2\/media\/14150"}],"wp:attachment":[{"href":"https:\/\/www.flutlicht.biz\/en\/wp-json\/wp\/v2\/media?parent=5733"}],"curies":[{"name":"wp","href":"https:\/\/api.w.org\/{rel}","templated":true}]}}