{"id":5717,"date":"2013-12-19T15:15:10","date_gmt":"2013-12-19T15:15:10","guid":{"rendered":"https:\/\/www.flutlicht.biz\/en\/services\/pr-monitoring\/"},"modified":"2024-09-03T12:33:29","modified_gmt":"2024-09-03T12:33:29","slug":"pr-monitoring","status":"publish","type":"page","link":"https:\/\/www.flutlicht.biz\/en\/services\/pr-monitoring\/","title":{"rendered":"Monitoring"},"content":{"rendered":"<h2>MODERN PR MONITORING: INTEGRATED, EFFICIENT, COMPREHENSIBLE<\/h2>\n<p><strong>PR monitoring that takes the entire cross-media communication mix into account places high demands on PR controlling managers and analysis tools. The range of tasks extends from coverage tracking in online and print media, monitoring selected <a href=\"https:\/\/www.flutlicht.biz\/2015\/11\/social-media-monitoring-fuer-einsteiger\/\">social media channels<\/a>, campaigns and content tracking and social listening, right through to comprehensive web monitoring. We gladly support you in developing and implementing a requirement-based monitoring model combined with efficient processes for your company.<\/strong><\/p>\n<p><a class=\"wp-attachment-link\" href=\"https:\/\/www.flutlicht.biz\/wp-content\/uploads\/2013\/09\/pr-monitoring-flutlicht.jpg\"><img decoding=\"async\" class=\"alignnone wp-image-13502\" src=\"https:\/\/www.flutlicht.biz\/wp-content\/uploads\/2013\/09\/pr-monitoring-flutlicht.jpg\" alt=\"PR Monitoring Bildschirme Kollegen Flutlicht\" width=\"1080\" height=\"720\" srcset=\"https:\/\/www.flutlicht.biz\/wp-content\/uploads\/2013\/09\/pr-monitoring-flutlicht.jpg 540w, https:\/\/www.flutlicht.biz\/wp-content\/uploads\/2013\/09\/pr-monitoring-flutlicht-300x200.jpg 300w\" sizes=\"(max-width: 1080px) 100vw, 1080px\" \/><\/a><\/p>\n<h3>SUCCESSFUL PR HAS MANY FACETS: BRAND AWARENESS, BRANDING OR LEAD GENERATION?<\/h3>\n<p>Communication can significantly add value to businesses and helps achieving corporate goals. To determine the effectiveness of individual measures, campaigns and the return on communication (ROC), <strong>professional PR success monitoring<\/strong> is indispensable. Depending on the goals \u2013 be it increasing brand awareness, changing the company&#8217;s image, or generating leads, for example \u2013 this includes analysing your own website using Google Analytics or Sistrix as well as classic media monitoring, and consistently monitoring blogs, forums and social networks.<\/p>\n<h3>TAILOR-MADE MONITORING SOLUTIONS FOR YOUR COMPANY<\/h3>\n<p>Unfortunately, there is no \u2018one size fits-all\u2019 model, no one true dashboard, nor any universal key performance indicators (KPIs) for determining the return on communication (ROC) of <a href=\"https:\/\/www.flutlicht.biz\/2017\/05\/warum-klassische-und-digitale-kommunikation-zusammen-gehoeren\/\">integrated 360\u00b0 communication<\/a>. That is why we do not give standard recommendations or exclusively work with certain service providers or tools.<br \/>\nOur approach focusses much more on meeting the individual PR monitoring, PR evaluation and PR <strong>reporting requirements of a company<\/strong>. Using an extensive <strong>check list<\/strong>, we work together with you to analyse the internal requirements, goals and reporting needs of the various stakeholders within your company. There are several key questions here:<\/p>\n<ul style=\"list-style-type: square;\">\n<li>What purpose does the PR monitoring serve?<\/li>\n<li>Who are the target groups of the PR reporting? Who receives the results?<\/li>\n<li>What are the objectives of the monitoring, and how will the results be used?<\/li>\n<li>How much importance and what priorities are attached to this area?<\/li>\n<li>What are the available resources?<\/li>\n<li>Which functional and technical requirements exist for tools, dashboards, etc?<\/li>\n<\/ul>\n<p>In the next step, we define the specific criteria and <a href=\"https:\/\/www.flutlicht.biz\/2017\/08\/neue-kpi-in-der-kommunikation-alles-clippings-oder-was\/\">appropriate KPIs<\/a> for your PR controlling. Only then do we select the perfect service provider and tools for you from our pool of trusted partners and tried-and-tested tools. We also constantly evaluate new and interesting providers and services.<\/p>\n<h3>SCOPE OF SUCCESS MONITORING \u2013 SOMETIMES LESS IS MORE<\/h3>\n<p>It is particularly important for us to providing you with a manageable scope and efficient processes \u2013 also keep budgets in mind. We do not advocate \u2018over-evaluation\u2019 and are convinced that even lean documentation and reports can convincingly convey the return on communication. How does that work? By listening to you carefully, not documenting \u2018superfluous\u2019 data, and presenting you with the results in an understandable way. This results in meaningful reports, presented in comprehensible formats that provide the various stakeholders within the company with the information relevant to them at the required intervals.<\/p>\n<h2>SERVICES: PR MONITORING<\/h2>\n<p>Whether you require ad-hoc or continuous monitoring, we provide targeted documentation and analyses, which guarantee a regular review of the return on communication and form the basis for a <strong>successful communication work<\/strong>.<\/p>\n<ul style=\"list-style-type: square;\">\n<li>Analysis of the framework conditions, determination of requirements, consulting<\/li>\n<li>Provider evaluation (services, tools)<\/li>\n<li>PR monitoring, media monitoring \u2013 online and offline<\/li>\n<li>Social media monitoring<\/li>\n<li>Dashboard management<\/li>\n<li>Documentation and reports<\/li>\n<li>Analyses and recommendations for action<\/li>\n<\/ul>\n","protected":false},"excerpt":{"rendered":"<p>MODERN PR MONITORING: INTEGRATED, EFFICIENT, COMPREHENSIBLE PR monitoring that takes the entire cross-media communication mix into account&#8230;<\/p>\n","protected":false},"author":21,"featured_media":13502,"parent":5662,"menu_order":8,"comment_status":"open","ping_status":"closed","template":"template-fullwidth.php","meta":{"_acf_changed":false,"footnotes":""},"class_list":["post-5717","page","type-page","status-publish","has-post-thumbnail","hentry"],"acf":[],"yoast_head":"<!-- This site is optimized with the Yoast SEO plugin v24.3 - https:\/\/yoast.com\/wordpress\/plugins\/seo\/ -->\n<title>Modern PR monitoring: integrated, efficient, comprehensible - Flutlicht<\/title>\n<meta name=\"description\" content=\"PR monitoring that takes the entire cross-media communication mix into account places high demands on PR controlling managers and tools. How can we help?\" \/>\n<meta name=\"robots\" content=\"index, follow, max-snippet:-1, max-image-preview:large, max-video-preview:-1\" \/>\n<link rel=\"canonical\" href=\"https:\/\/www.flutlicht.biz\/en\/services\/pr-monitoring\/\" \/>\n<meta property=\"og:locale\" content=\"en_US\" \/>\n<meta property=\"og:type\" content=\"article\" \/>\n<meta property=\"og:title\" content=\"Modern PR monitoring: integrated, efficient, comprehensible - Flutlicht\" \/>\n<meta property=\"og:description\" content=\"PR monitoring that takes the entire cross-media communication mix into account places high demands on PR controlling managers and tools. How can we help?\" \/>\n<meta property=\"og:url\" content=\"https:\/\/www.flutlicht.biz\/en\/services\/pr-monitoring\/\" \/>\n<meta property=\"og:site_name\" content=\"Flutlicht\" \/>\n<meta property=\"article:publisher\" content=\"https:\/\/www.facebook.com\/FlutlichtPR\/\" \/>\n<meta property=\"article:modified_time\" content=\"2024-09-03T12:33:29+00:00\" \/>\n<meta property=\"og:image\" content=\"https:\/\/www.flutlicht.biz\/wp-content\/uploads\/2013\/09\/pr-monitoring-flutlicht.jpg\" \/>\n\t<meta property=\"og:image:width\" content=\"540\" \/>\n\t<meta property=\"og:image:height\" content=\"360\" \/>\n\t<meta property=\"og:image:type\" content=\"image\/jpeg\" \/>\n<meta name=\"twitter:card\" content=\"summary_large_image\" \/>\n<meta name=\"twitter:site\" content=\"@FlutlichtPR\" \/>\n<meta name=\"twitter:label1\" content=\"Est. reading time\" \/>\n\t<meta name=\"twitter:data1\" content=\"4 minutes\" \/>\n<script type=\"application\/ld+json\" class=\"yoast-schema-graph\">{\"@context\":\"https:\/\/schema.org\",\"@graph\":[{\"@type\":\"WebPage\",\"@id\":\"https:\/\/www.flutlicht.biz\/en\/services\/pr-monitoring\/\",\"url\":\"https:\/\/www.flutlicht.biz\/en\/services\/pr-monitoring\/\",\"name\":\"Modern PR monitoring: integrated, efficient, comprehensible - Flutlicht\",\"isPartOf\":{\"@id\":\"https:\/\/www.flutlicht.biz\/#website\"},\"primaryImageOfPage\":{\"@id\":\"https:\/\/www.flutlicht.biz\/en\/services\/pr-monitoring\/#primaryimage\"},\"image\":{\"@id\":\"https:\/\/www.flutlicht.biz\/en\/services\/pr-monitoring\/#primaryimage\"},\"thumbnailUrl\":\"https:\/\/www.flutlicht.biz\/wp-content\/uploads\/2013\/09\/pr-monitoring-flutlicht.jpg\",\"datePublished\":\"2013-12-19T15:15:10+00:00\",\"dateModified\":\"2024-09-03T12:33:29+00:00\",\"description\":\"PR monitoring that takes the entire cross-media communication mix into account places high demands on PR controlling managers and tools. How can we help?\",\"breadcrumb\":{\"@id\":\"https:\/\/www.flutlicht.biz\/en\/services\/pr-monitoring\/#breadcrumb\"},\"inLanguage\":\"en-US\",\"potentialAction\":[{\"@type\":\"ReadAction\",\"target\":[\"https:\/\/www.flutlicht.biz\/en\/services\/pr-monitoring\/\"]}]},{\"@type\":\"ImageObject\",\"inLanguage\":\"en-US\",\"@id\":\"https:\/\/www.flutlicht.biz\/en\/services\/pr-monitoring\/#primaryimage\",\"url\":\"https:\/\/www.flutlicht.biz\/wp-content\/uploads\/2013\/09\/pr-monitoring-flutlicht.jpg\",\"contentUrl\":\"https:\/\/www.flutlicht.biz\/wp-content\/uploads\/2013\/09\/pr-monitoring-flutlicht.jpg\",\"width\":540,\"height\":360,\"caption\":\"PR Monitoring Bildschirme Kollegen Flutlicht\"},{\"@type\":\"BreadcrumbList\",\"@id\":\"https:\/\/www.flutlicht.biz\/en\/services\/pr-monitoring\/#breadcrumb\",\"itemListElement\":[{\"@type\":\"ListItem\",\"position\":1,\"name\":\"Services\",\"item\":\"https:\/\/www.flutlicht.biz\/en\/services\/\"},{\"@type\":\"ListItem\",\"position\":2,\"name\":\"Monitoring\"}]},{\"@type\":\"WebSite\",\"@id\":\"https:\/\/www.flutlicht.biz\/#website\",\"url\":\"https:\/\/www.flutlicht.biz\/\",\"name\":\"Flutlicht\",\"description\":\"PR-Agentur f\u00fcr Technologie IT TK UE in N\u00fcrnberg + M\u00fcnchen - Flutlicht\",\"potentialAction\":[{\"@type\":\"SearchAction\",\"target\":{\"@type\":\"EntryPoint\",\"urlTemplate\":\"https:\/\/www.flutlicht.biz\/?s={search_term_string}\"},\"query-input\":{\"@type\":\"PropertyValueSpecification\",\"valueRequired\":true,\"valueName\":\"search_term_string\"}}],\"inLanguage\":\"en-US\"}]}<\/script>\n<!-- \/ Yoast SEO plugin. -->","yoast_head_json":{"title":"Modern PR monitoring: integrated, efficient, comprehensible - Flutlicht","description":"PR monitoring that takes the entire cross-media communication mix into account places high demands on PR controlling managers and tools. How can we help?","robots":{"index":"index","follow":"follow","max-snippet":"max-snippet:-1","max-image-preview":"max-image-preview:large","max-video-preview":"max-video-preview:-1"},"canonical":"https:\/\/www.flutlicht.biz\/en\/services\/pr-monitoring\/","og_locale":"en_US","og_type":"article","og_title":"Modern PR monitoring: integrated, efficient, comprehensible - Flutlicht","og_description":"PR monitoring that takes the entire cross-media communication mix into account places high demands on PR controlling managers and tools. How can we help?","og_url":"https:\/\/www.flutlicht.biz\/en\/services\/pr-monitoring\/","og_site_name":"Flutlicht","article_publisher":"https:\/\/www.facebook.com\/FlutlichtPR\/","article_modified_time":"2024-09-03T12:33:29+00:00","og_image":[{"width":540,"height":360,"url":"https:\/\/www.flutlicht.biz\/wp-content\/uploads\/2013\/09\/pr-monitoring-flutlicht.jpg","type":"image\/jpeg"}],"twitter_card":"summary_large_image","twitter_site":"@FlutlichtPR","twitter_misc":{"Est. reading time":"4 minutes"},"schema":{"@context":"https:\/\/schema.org","@graph":[{"@type":"WebPage","@id":"https:\/\/www.flutlicht.biz\/en\/services\/pr-monitoring\/","url":"https:\/\/www.flutlicht.biz\/en\/services\/pr-monitoring\/","name":"Modern PR monitoring: integrated, efficient, comprehensible - Flutlicht","isPartOf":{"@id":"https:\/\/www.flutlicht.biz\/#website"},"primaryImageOfPage":{"@id":"https:\/\/www.flutlicht.biz\/en\/services\/pr-monitoring\/#primaryimage"},"image":{"@id":"https:\/\/www.flutlicht.biz\/en\/services\/pr-monitoring\/#primaryimage"},"thumbnailUrl":"https:\/\/www.flutlicht.biz\/wp-content\/uploads\/2013\/09\/pr-monitoring-flutlicht.jpg","datePublished":"2013-12-19T15:15:10+00:00","dateModified":"2024-09-03T12:33:29+00:00","description":"PR monitoring that takes the entire cross-media communication mix into account places high demands on PR controlling managers and tools. How can we help?","breadcrumb":{"@id":"https:\/\/www.flutlicht.biz\/en\/services\/pr-monitoring\/#breadcrumb"},"inLanguage":"en-US","potentialAction":[{"@type":"ReadAction","target":["https:\/\/www.flutlicht.biz\/en\/services\/pr-monitoring\/"]}]},{"@type":"ImageObject","inLanguage":"en-US","@id":"https:\/\/www.flutlicht.biz\/en\/services\/pr-monitoring\/#primaryimage","url":"https:\/\/www.flutlicht.biz\/wp-content\/uploads\/2013\/09\/pr-monitoring-flutlicht.jpg","contentUrl":"https:\/\/www.flutlicht.biz\/wp-content\/uploads\/2013\/09\/pr-monitoring-flutlicht.jpg","width":540,"height":360,"caption":"PR Monitoring Bildschirme Kollegen Flutlicht"},{"@type":"BreadcrumbList","@id":"https:\/\/www.flutlicht.biz\/en\/services\/pr-monitoring\/#breadcrumb","itemListElement":[{"@type":"ListItem","position":1,"name":"Services","item":"https:\/\/www.flutlicht.biz\/en\/services\/"},{"@type":"ListItem","position":2,"name":"Monitoring"}]},{"@type":"WebSite","@id":"https:\/\/www.flutlicht.biz\/#website","url":"https:\/\/www.flutlicht.biz\/","name":"Flutlicht","description":"PR-Agentur f\u00fcr Technologie IT TK UE in N\u00fcrnberg + M\u00fcnchen - Flutlicht","potentialAction":[{"@type":"SearchAction","target":{"@type":"EntryPoint","urlTemplate":"https:\/\/www.flutlicht.biz\/?s={search_term_string}"},"query-input":{"@type":"PropertyValueSpecification","valueRequired":true,"valueName":"search_term_string"}}],"inLanguage":"en-US"}]}},"_links":{"self":[{"href":"https:\/\/www.flutlicht.biz\/en\/wp-json\/wp\/v2\/pages\/5717","targetHints":{"allow":["GET"]}}],"collection":[{"href":"https:\/\/www.flutlicht.biz\/en\/wp-json\/wp\/v2\/pages"}],"about":[{"href":"https:\/\/www.flutlicht.biz\/en\/wp-json\/wp\/v2\/types\/page"}],"author":[{"embeddable":true,"href":"https:\/\/www.flutlicht.biz\/en\/wp-json\/wp\/v2\/users\/21"}],"replies":[{"embeddable":true,"href":"https:\/\/www.flutlicht.biz\/en\/wp-json\/wp\/v2\/comments?post=5717"}],"version-history":[{"count":13,"href":"https:\/\/www.flutlicht.biz\/en\/wp-json\/wp\/v2\/pages\/5717\/revisions"}],"predecessor-version":[{"id":21802,"href":"https:\/\/www.flutlicht.biz\/en\/wp-json\/wp\/v2\/pages\/5717\/revisions\/21802"}],"up":[{"embeddable":true,"href":"https:\/\/www.flutlicht.biz\/en\/wp-json\/wp\/v2\/pages\/5662"}],"wp:featuredmedia":[{"embeddable":true,"href":"https:\/\/www.flutlicht.biz\/en\/wp-json\/wp\/v2\/media\/13502"}],"wp:attachment":[{"href":"https:\/\/www.flutlicht.biz\/en\/wp-json\/wp\/v2\/media?parent=5717"}],"curies":[{"name":"wp","href":"https:\/\/api.w.org\/{rel}","templated":true}]}}