{"id":5711,"date":"2013-12-19T15:10:39","date_gmt":"2013-12-19T15:10:39","guid":{"rendered":"https:\/\/www.flutlicht.biz\/en\/services\/event-management\/"},"modified":"2024-09-03T12:32:57","modified_gmt":"2024-09-03T12:32:57","slug":"event-management","status":"publish","type":"page","link":"https:\/\/www.flutlicht.biz\/en\/services\/event-management\/","title":{"rendered":"Event Management"},"content":{"rendered":"<h2>TAILOR-MADE EVENTS FOR ANY OCCASION AND ANY TARGET GROUP<\/h2>\n<p><strong>As an event management agency, we create long-lasting, positive memories for your target groups. Our recipe for success is the right blend of fact-based information and emotional appeal.\u00a0We put our years of experience and creativity to work to help you plan and execute face-to-face and <a href=\"https:\/\/www.flutlicht.biz\/2018\/08\/pressekonferenzen-und-digitalisierung-mehr-fuer-alle\/\">online B2B or B2C events<\/a>. And when doing so, we never lose sight of the original goal, nor cost\/benefit aspects.<\/strong><\/p>\n<p><a class=\"wp-attachment-link\" href=\"https:\/\/www.flutlicht.biz\/wp-content\/uploads\/2023\/10\/flutlicht-geburtstag-20y-art.jpg\"><img decoding=\"async\" class=\"alignnone wp-image-21040\" src=\"https:\/\/www.flutlicht.biz\/wp-content\/uploads\/2023\/10\/flutlicht-geburtstag-20y-art.jpg\" alt=\"Flutlicht Geburtstag, 20Y FLU, Graffitti\" width=\"1080\" height=\"720\" srcset=\"https:\/\/www.flutlicht.biz\/wp-content\/uploads\/2023\/10\/flutlicht-geburtstag-20y-art.jpg 540w, https:\/\/www.flutlicht.biz\/wp-content\/uploads\/2023\/10\/flutlicht-geburtstag-20y-art-300x200.jpg 300w\" sizes=\"(max-width: 1080px) 100vw, 1080px\" \/><\/a><\/p>\n<p>&nbsp;<\/p>\n<p>Once you have chosen Flutlicht as your communication partner, we also act as your event management agency, supporting you when devising, planning and executing events. These range from exclusive media briefings, national or international <a href=\"https:\/\/www.flutlicht.biz\/2016\/10\/checkliste-organisation-pressekonferenz\/\">press conferences<\/a>, blogger meetings, roadshows, and comprehensive showcases with technology partners, retailers and media representatives right through to site and employee events. And even if you are participating in a partner or industry event (for example, a trade fair or congress), we do our utmost to ensure that you gain as much as possible from the offered platform in terms of communication benefit.<\/p>\n<h3>ORGANISATION: AN EYE FOR DETAIL REALLY PAYS OFF<\/h3>\n<p>We just love successful, perfect events \u2013 in every regard. So it goes without saying that our <strong><a href=\"https:\/\/www.flutlicht.biz\/en\/agency\/aspiration\/\">quality standard<\/a><\/strong> as an <strong>event management agency<\/strong> is extremely high in every single phase of the event. We have an eye for detail and work meticulously to plan and execute the perfect event. Can we improvise? Yes, we can. But only when required to do so. We prefer not to leave anything to chance.<br \/>\nYour own goals and requirements as well as the information requirements of your target groups are decisive for selecting the right format for your event as well as the content it offers. Do we take a \u2018no expenses spared\u2019 attitude to your event? No way. It does not matter how unique and impressive the location and supporting programme are: if the content is poor, the organisation not perfect, and the effort and expense required by the participants just to get to the location are unreasonable, then the communication goals will not be met.<\/p>\n<p>As a part of our project management service, we reliably create and maintain online <strong>check lists<\/strong> for all the parties involved, set a realistic schedule and have a strict policy when it comes to meeting deadlines. We find <strong>appropriate locations<\/strong>, develop <strong>convincing storylines<\/strong>, content and agendas, identify suitable guest speakers, create content to accompany the event, and arrange an appropriate entertainment programme. If required, we support you and your colleagues with individual speaker, presentation, or interview training prior to the event.<br \/>\nWhen it comes to setting up the stage, technical equipment, professional photography or video streaming of the event, we work hand-in-hand with colleagues from our trusted <a href=\"https:\/\/www.flutlicht.biz\/en\/agency\/partners\/\">partner network<\/a>.<br \/>\nAs an experienced agency for live communication, we keep our cool and maintain an overview at the event itself, make sure that everything runs smoothly and even put out a fire or two if we have to.<\/p>\n<h3>DOCUMENTATION, SUCCESS MONITORING, LESSONS LEARNED<\/h3>\n<p>As you would expect from a professional event management agency, we provide you with a well-prepared management summary that includes all the facts and figures, goals and results of the event.<\/p>\n<h2>SERVICES: EVENT MANAGEMENT<\/h2>\n<ul style=\"list-style-type: square;\">\n<li><a href=\"https:\/\/www.flutlicht.biz\/2016\/07\/media-relations-tipps-professionelle-beziehungsarbeit-zahlt-sich-aus\/\">Press events<\/a><\/li>\n<li>Blogger events<\/li>\n<li><a href=\"https:\/\/www.flutlicht.biz\/2016\/06\/checkliste-messe-kommunikation-teil-1\/\">Trade fairs<\/a>, in-house exhibitions<\/li>\n<li>Congresses<\/li>\n<li>Incentives<\/li>\n<li>Forums, podium discussions<\/li>\n<li>Roadshows<\/li>\n<li>Technology workshops \/ webinars<\/li>\n<li>Executive visits<\/li>\n<li>Site and employee events<\/li>\n<\/ul>\n","protected":false},"excerpt":{"rendered":"<p>TAILOR-MADE EVENTS FOR ANY OCCASION AND ANY TARGET GROUP As an event management agency, we create long-lasting,&#8230;<\/p>\n","protected":false},"author":21,"featured_media":3680,"parent":5662,"menu_order":7,"comment_status":"open","ping_status":"closed","template":"template-fullwidth.php","meta":{"_acf_changed":false,"footnotes":""},"class_list":["post-5711","page","type-page","status-publish","has-post-thumbnail","hentry"],"acf":[],"yoast_head":"<!-- This site is optimized with the Yoast SEO plugin v24.3 - https:\/\/yoast.com\/wordpress\/plugins\/seo\/ -->\n<title>Tailor-made events for any occasion and any target-group - Flutlicht<\/title>\n<meta name=\"description\" content=\"As an event management agency, we create long-lasting, positive memories for your target groups. We put years of experience to plan and execute your events.\" \/>\n<meta name=\"robots\" content=\"index, follow, max-snippet:-1, max-image-preview:large, max-video-preview:-1\" \/>\n<link rel=\"canonical\" href=\"https:\/\/www.flutlicht.biz\/en\/services\/event-management\/\" \/>\n<meta property=\"og:locale\" content=\"en_US\" \/>\n<meta property=\"og:type\" content=\"article\" \/>\n<meta property=\"og:title\" content=\"Tailor-made events for any occasion and any target-group - Flutlicht\" \/>\n<meta property=\"og:description\" content=\"As an event management agency, we create long-lasting, positive memories for your target groups. We put years of experience to plan and execute your events.\" \/>\n<meta property=\"og:url\" content=\"https:\/\/www.flutlicht.biz\/en\/services\/event-management\/\" \/>\n<meta property=\"og:site_name\" content=\"Flutlicht\" \/>\n<meta property=\"article:publisher\" content=\"https:\/\/www.facebook.com\/FlutlichtPR\/\" \/>\n<meta property=\"article:modified_time\" content=\"2024-09-03T12:32:57+00:00\" \/>\n<meta property=\"og:image\" content=\"https:\/\/www.flutlicht.biz\/wp-content\/uploads\/2013\/08\/flutlicht02-0062.jpg\" \/>\n\t<meta property=\"og:image:width\" content=\"779\" \/>\n\t<meta property=\"og:image:height\" content=\"519\" \/>\n\t<meta property=\"og:image:type\" content=\"image\/jpeg\" \/>\n<meta name=\"twitter:card\" content=\"summary_large_image\" \/>\n<meta name=\"twitter:site\" content=\"@FlutlichtPR\" \/>\n<meta name=\"twitter:label1\" content=\"Est. reading time\" \/>\n\t<meta name=\"twitter:data1\" content=\"4 minutes\" \/>\n<script type=\"application\/ld+json\" class=\"yoast-schema-graph\">{\"@context\":\"https:\/\/schema.org\",\"@graph\":[{\"@type\":\"WebPage\",\"@id\":\"https:\/\/www.flutlicht.biz\/en\/services\/event-management\/\",\"url\":\"https:\/\/www.flutlicht.biz\/en\/services\/event-management\/\",\"name\":\"Tailor-made events for any occasion and any target-group - Flutlicht\",\"isPartOf\":{\"@id\":\"https:\/\/www.flutlicht.biz\/#website\"},\"primaryImageOfPage\":{\"@id\":\"https:\/\/www.flutlicht.biz\/en\/services\/event-management\/#primaryimage\"},\"image\":{\"@id\":\"https:\/\/www.flutlicht.biz\/en\/services\/event-management\/#primaryimage\"},\"thumbnailUrl\":\"https:\/\/www.flutlicht.biz\/wp-content\/uploads\/2013\/08\/flutlicht02-0062.jpg\",\"datePublished\":\"2013-12-19T15:10:39+00:00\",\"dateModified\":\"2024-09-03T12:32:57+00:00\",\"description\":\"As an event management agency, we create long-lasting, positive memories for your target groups. We put years of experience to plan and execute your events.\",\"breadcrumb\":{\"@id\":\"https:\/\/www.flutlicht.biz\/en\/services\/event-management\/#breadcrumb\"},\"inLanguage\":\"en-US\",\"potentialAction\":[{\"@type\":\"ReadAction\",\"target\":[\"https:\/\/www.flutlicht.biz\/en\/services\/event-management\/\"]}]},{\"@type\":\"ImageObject\",\"inLanguage\":\"en-US\",\"@id\":\"https:\/\/www.flutlicht.biz\/en\/services\/event-management\/#primaryimage\",\"url\":\"https:\/\/www.flutlicht.biz\/wp-content\/uploads\/2013\/08\/flutlicht02-0062.jpg\",\"contentUrl\":\"https:\/\/www.flutlicht.biz\/wp-content\/uploads\/2013\/08\/flutlicht02-0062.jpg\",\"width\":779,\"height\":519},{\"@type\":\"BreadcrumbList\",\"@id\":\"https:\/\/www.flutlicht.biz\/en\/services\/event-management\/#breadcrumb\",\"itemListElement\":[{\"@type\":\"ListItem\",\"position\":1,\"name\":\"Services\",\"item\":\"https:\/\/www.flutlicht.biz\/en\/services\/\"},{\"@type\":\"ListItem\",\"position\":2,\"name\":\"Event Management\"}]},{\"@type\":\"WebSite\",\"@id\":\"https:\/\/www.flutlicht.biz\/#website\",\"url\":\"https:\/\/www.flutlicht.biz\/\",\"name\":\"Flutlicht\",\"description\":\"PR-Agentur f\u00fcr Technologie IT TK UE in N\u00fcrnberg + M\u00fcnchen - Flutlicht\",\"potentialAction\":[{\"@type\":\"SearchAction\",\"target\":{\"@type\":\"EntryPoint\",\"urlTemplate\":\"https:\/\/www.flutlicht.biz\/?s={search_term_string}\"},\"query-input\":{\"@type\":\"PropertyValueSpecification\",\"valueRequired\":true,\"valueName\":\"search_term_string\"}}],\"inLanguage\":\"en-US\"}]}<\/script>\n<!-- \/ Yoast SEO plugin. -->","yoast_head_json":{"title":"Tailor-made events for any occasion and any target-group - Flutlicht","description":"As an event management agency, we create long-lasting, positive memories for your target groups. We put years of experience to plan and execute your events.","robots":{"index":"index","follow":"follow","max-snippet":"max-snippet:-1","max-image-preview":"max-image-preview:large","max-video-preview":"max-video-preview:-1"},"canonical":"https:\/\/www.flutlicht.biz\/en\/services\/event-management\/","og_locale":"en_US","og_type":"article","og_title":"Tailor-made events for any occasion and any target-group - Flutlicht","og_description":"As an event management agency, we create long-lasting, positive memories for your target groups. We put years of experience to plan and execute your events.","og_url":"https:\/\/www.flutlicht.biz\/en\/services\/event-management\/","og_site_name":"Flutlicht","article_publisher":"https:\/\/www.facebook.com\/FlutlichtPR\/","article_modified_time":"2024-09-03T12:32:57+00:00","og_image":[{"width":779,"height":519,"url":"https:\/\/www.flutlicht.biz\/wp-content\/uploads\/2013\/08\/flutlicht02-0062.jpg","type":"image\/jpeg"}],"twitter_card":"summary_large_image","twitter_site":"@FlutlichtPR","twitter_misc":{"Est. reading time":"4 minutes"},"schema":{"@context":"https:\/\/schema.org","@graph":[{"@type":"WebPage","@id":"https:\/\/www.flutlicht.biz\/en\/services\/event-management\/","url":"https:\/\/www.flutlicht.biz\/en\/services\/event-management\/","name":"Tailor-made events for any occasion and any target-group - Flutlicht","isPartOf":{"@id":"https:\/\/www.flutlicht.biz\/#website"},"primaryImageOfPage":{"@id":"https:\/\/www.flutlicht.biz\/en\/services\/event-management\/#primaryimage"},"image":{"@id":"https:\/\/www.flutlicht.biz\/en\/services\/event-management\/#primaryimage"},"thumbnailUrl":"https:\/\/www.flutlicht.biz\/wp-content\/uploads\/2013\/08\/flutlicht02-0062.jpg","datePublished":"2013-12-19T15:10:39+00:00","dateModified":"2024-09-03T12:32:57+00:00","description":"As an event management agency, we create long-lasting, positive memories for your target groups. We put years of experience to plan and execute your events.","breadcrumb":{"@id":"https:\/\/www.flutlicht.biz\/en\/services\/event-management\/#breadcrumb"},"inLanguage":"en-US","potentialAction":[{"@type":"ReadAction","target":["https:\/\/www.flutlicht.biz\/en\/services\/event-management\/"]}]},{"@type":"ImageObject","inLanguage":"en-US","@id":"https:\/\/www.flutlicht.biz\/en\/services\/event-management\/#primaryimage","url":"https:\/\/www.flutlicht.biz\/wp-content\/uploads\/2013\/08\/flutlicht02-0062.jpg","contentUrl":"https:\/\/www.flutlicht.biz\/wp-content\/uploads\/2013\/08\/flutlicht02-0062.jpg","width":779,"height":519},{"@type":"BreadcrumbList","@id":"https:\/\/www.flutlicht.biz\/en\/services\/event-management\/#breadcrumb","itemListElement":[{"@type":"ListItem","position":1,"name":"Services","item":"https:\/\/www.flutlicht.biz\/en\/services\/"},{"@type":"ListItem","position":2,"name":"Event Management"}]},{"@type":"WebSite","@id":"https:\/\/www.flutlicht.biz\/#website","url":"https:\/\/www.flutlicht.biz\/","name":"Flutlicht","description":"PR-Agentur f\u00fcr Technologie IT TK UE in N\u00fcrnberg + M\u00fcnchen - Flutlicht","potentialAction":[{"@type":"SearchAction","target":{"@type":"EntryPoint","urlTemplate":"https:\/\/www.flutlicht.biz\/?s={search_term_string}"},"query-input":{"@type":"PropertyValueSpecification","valueRequired":true,"valueName":"search_term_string"}}],"inLanguage":"en-US"}]}},"_links":{"self":[{"href":"https:\/\/www.flutlicht.biz\/en\/wp-json\/wp\/v2\/pages\/5711","targetHints":{"allow":["GET"]}}],"collection":[{"href":"https:\/\/www.flutlicht.biz\/en\/wp-json\/wp\/v2\/pages"}],"about":[{"href":"https:\/\/www.flutlicht.biz\/en\/wp-json\/wp\/v2\/types\/page"}],"author":[{"embeddable":true,"href":"https:\/\/www.flutlicht.biz\/en\/wp-json\/wp\/v2\/users\/21"}],"replies":[{"embeddable":true,"href":"https:\/\/www.flutlicht.biz\/en\/wp-json\/wp\/v2\/comments?post=5711"}],"version-history":[{"count":11,"href":"https:\/\/www.flutlicht.biz\/en\/wp-json\/wp\/v2\/pages\/5711\/revisions"}],"predecessor-version":[{"id":21801,"href":"https:\/\/www.flutlicht.biz\/en\/wp-json\/wp\/v2\/pages\/5711\/revisions\/21801"}],"up":[{"embeddable":true,"href":"https:\/\/www.flutlicht.biz\/en\/wp-json\/wp\/v2\/pages\/5662"}],"wp:featuredmedia":[{"embeddable":true,"href":"https:\/\/www.flutlicht.biz\/en\/wp-json\/wp\/v2\/media\/3680"}],"wp:attachment":[{"href":"https:\/\/www.flutlicht.biz\/en\/wp-json\/wp\/v2\/media?parent=5711"}],"curies":[{"name":"wp","href":"https:\/\/api.w.org\/{rel}","templated":true}]}}