{"id":5703,"date":"2013-12-19T15:05:19","date_gmt":"2013-12-19T15:05:19","guid":{"rendered":"https:\/\/www.flutlicht.biz\/en\/services\/corporate-publishing\/"},"modified":"2024-09-03T12:30:26","modified_gmt":"2024-09-03T12:30:26","slug":"corporate-publishing","status":"publish","type":"page","link":"https:\/\/www.flutlicht.biz\/en\/services\/corporate-publishing\/","title":{"rendered":"Corporate Publishing"},"content":{"rendered":"<h2>CORPORATE PUBLISHING: CORPORATE COMMUNICATION VIA OWNED MEDIA<\/h2>\n<p><strong>Against the backdrop of content marketing, corporate publishing has become an even more essential component of successful corporate communication. We advise, create and implement the right owned media projects for you: for all possible channels, in a variety of formats, online and offline, for internal and external target groups, B2C and B2B.<\/strong><\/p>\n<p><a class=\"wp-attachment-link\" href=\"https:\/\/www.flutlicht.biz\/wp-content\/uploads\/2013\/08\/flutlicht02-0109.jpg\"><img decoding=\"async\" class=\"alignnone wp-image-3685\" src=\"https:\/\/www.flutlicht.biz\/wp-content\/uploads\/2013\/08\/flutlicht02-0109.jpg\" alt=\"flutlicht02-0109\" width=\"1080\" height=\"720\" srcset=\"https:\/\/www.flutlicht.biz\/wp-content\/uploads\/2013\/08\/flutlicht02-0109.jpg 779w, https:\/\/www.flutlicht.biz\/wp-content\/uploads\/2013\/08\/flutlicht02-0109-300x200.jpg 300w, https:\/\/www.flutlicht.biz\/wp-content\/uploads\/2013\/08\/flutlicht02-0109-768x512.jpg 768w, https:\/\/www.flutlicht.biz\/wp-content\/uploads\/2013\/08\/flutlicht02-0109-745x496.jpg 745w\" sizes=\"(max-width: 1080px) 100vw, 1080px\" \/><\/a><\/p>\n<h3>CONTENT STRATEGY AS A BASIS FOR VALUE-ADDED CONTENT<\/h3>\n<p>Ranging from classic content \u2013 such as a technical white paper for a CIO, a highly convincing case study for B2B decision-makers, or a stylish advertorial for end consumers \u2013 right through to the creation, implementation and maintenance of suitable platforms for your content: We cover the entire <strong>corporate publishing<\/strong> spectrum. This includes the newsletters you produce for your customers, partners and employees, your company website, your <a href=\"https:\/\/www.flutlicht.biz\/2016\/02\/corporate-blogs-als-erfolgreiche-content-hubs\/\">corporate blog<\/a>, subject-specific microsites and landing pages for selected products. We also produce an e-journal for a specific event or a video clip to be published on social media.<br \/>\nThe creation of <strong>user-centred content<\/strong> that offers your customers added value and takes platform-specific formats into account is our bread and butter business. A well-founded <strong>content strategy<\/strong> is the basis for creating successful content. To hit the mark every time, we take your target groups and marketing personas into careful consideration. And we keep track on what your competitors are currently offering to their potential new customers. This allows us to identify strengths, weaknesses and gaps that we can use to your advantage in your corporate publishing activities.<\/p>\n<h3>NEVER LOSING SIGHT OF VALUE, OBJECTIVE AND SEO<\/h3>\n<p>When creating content pieces, we do not only think in terms of <strong>relevance, value-add and readability<\/strong>; we consider the purpose and objective of the content piece to be decisive for its content and visual design. And it goes without saying that, to make sure that your target groups can actually find your corporate publishing products on the Web, we take the latest requirements regarding all the editorial and technical aspects of search engine optimisation (SEO) into account.<\/p>\n<h2>SERVICES: CORPORATE PUBLISHING<\/h2>\n<p>We create content that your target groups will lap up. Whether it be the design and implementation of new owned media platforms and formats, setting up a product-related landing page, or creating attractive content on a regular basis to achieve your <strong>communication goals<\/strong>. Ranging from entertaining snippets of information for end consumers right through to in-depth content for B2B decision-makers. Tailor made to suit the channels you use to reach your target groups. When it comes to the technical implementation, we work hand-in-hand with our trusted <a href=\"https:\/\/www.flutlicht.biz\/en\/agency\/partners\/\">partners<\/a>.<\/p>\n<ul style=\"list-style-type: square;\">\n<li>Newsletters<\/li>\n<li>User reports<\/li>\n<li>Advertorials<\/li>\n<li>White papers<\/li>\n<li>Technology \/ product brochures<\/li>\n<li>Customer \/ dealer \/ employee magazines<\/li>\n<li>Corporate blogs<\/li>\n<li>Landing pages<\/li>\n<li>Microsites<\/li>\n<li>Homepages<\/li>\n<li>Infographics<\/li>\n<li><a href=\"https:\/\/www.flutlicht.biz\/2016\/12\/sehen-was-sache-ist-erste-schritte-zur-erfolgreichen-videoproduktion\/\">Rich media<\/a> (audio, video)<\/li>\n<\/ul>\n","protected":false},"excerpt":{"rendered":"<p>CORPORATE PUBLISHING: CORPORATE COMMUNICATION VIA OWNED MEDIA Against the backdrop of content marketing, corporate publishing has become&#8230;<\/p>\n","protected":false},"author":21,"featured_media":3685,"parent":5662,"menu_order":6,"comment_status":"open","ping_status":"closed","template":"template-fullwidth.php","meta":{"_acf_changed":false,"footnotes":""},"class_list":["post-5703","page","type-page","status-publish","has-post-thumbnail","hentry"],"acf":[],"yoast_head":"<!-- This site is optimized with the Yoast SEO plugin v24.3 - https:\/\/yoast.com\/wordpress\/plugins\/seo\/ -->\n<title>Corporate Publishing: corporate communication via owned media<\/title>\n<meta name=\"description\" content=\"The right corporate publishing projects for you: all possible channels, different formats, on-\/offline, for internal \/ external target groups, B2C and B2B.\" \/>\n<meta name=\"robots\" content=\"index, follow, max-snippet:-1, max-image-preview:large, max-video-preview:-1\" \/>\n<link rel=\"canonical\" href=\"https:\/\/www.flutlicht.biz\/en\/services\/corporate-publishing\/\" \/>\n<meta property=\"og:locale\" content=\"en_US\" \/>\n<meta property=\"og:type\" content=\"article\" \/>\n<meta property=\"og:title\" content=\"Corporate Publishing: corporate communication via owned media\" \/>\n<meta property=\"og:description\" content=\"The right corporate publishing projects for you: all possible channels, different formats, on-\/offline, for internal \/ external target groups, B2C and B2B.\" \/>\n<meta property=\"og:url\" content=\"https:\/\/www.flutlicht.biz\/en\/services\/corporate-publishing\/\" \/>\n<meta property=\"og:site_name\" content=\"Flutlicht\" \/>\n<meta property=\"article:publisher\" content=\"https:\/\/www.facebook.com\/FlutlichtPR\/\" \/>\n<meta property=\"article:modified_time\" content=\"2024-09-03T12:30:26+00:00\" \/>\n<meta property=\"og:image\" content=\"https:\/\/www.flutlicht.biz\/wp-content\/uploads\/2013\/08\/flutlicht02-0109.jpg\" \/>\n\t<meta property=\"og:image:width\" content=\"779\" \/>\n\t<meta property=\"og:image:height\" content=\"519\" \/>\n\t<meta property=\"og:image:type\" content=\"image\/jpeg\" \/>\n<meta name=\"twitter:card\" content=\"summary_large_image\" \/>\n<meta name=\"twitter:site\" content=\"@FlutlichtPR\" \/>\n<meta name=\"twitter:label1\" content=\"Est. reading time\" \/>\n\t<meta name=\"twitter:data1\" content=\"3 minutes\" \/>\n<script type=\"application\/ld+json\" class=\"yoast-schema-graph\">{\"@context\":\"https:\/\/schema.org\",\"@graph\":[{\"@type\":\"WebPage\",\"@id\":\"https:\/\/www.flutlicht.biz\/en\/services\/corporate-publishing\/\",\"url\":\"https:\/\/www.flutlicht.biz\/en\/services\/corporate-publishing\/\",\"name\":\"Corporate Publishing: corporate communication via owned media\",\"isPartOf\":{\"@id\":\"https:\/\/www.flutlicht.biz\/#website\"},\"primaryImageOfPage\":{\"@id\":\"https:\/\/www.flutlicht.biz\/en\/services\/corporate-publishing\/#primaryimage\"},\"image\":{\"@id\":\"https:\/\/www.flutlicht.biz\/en\/services\/corporate-publishing\/#primaryimage\"},\"thumbnailUrl\":\"https:\/\/www.flutlicht.biz\/wp-content\/uploads\/2013\/08\/flutlicht02-0109.jpg\",\"datePublished\":\"2013-12-19T15:05:19+00:00\",\"dateModified\":\"2024-09-03T12:30:26+00:00\",\"description\":\"The right corporate publishing projects for you: all possible channels, different formats, on-\/offline, for internal \/ external target groups, B2C and B2B.\",\"breadcrumb\":{\"@id\":\"https:\/\/www.flutlicht.biz\/en\/services\/corporate-publishing\/#breadcrumb\"},\"inLanguage\":\"en-US\",\"potentialAction\":[{\"@type\":\"ReadAction\",\"target\":[\"https:\/\/www.flutlicht.biz\/en\/services\/corporate-publishing\/\"]}]},{\"@type\":\"ImageObject\",\"inLanguage\":\"en-US\",\"@id\":\"https:\/\/www.flutlicht.biz\/en\/services\/corporate-publishing\/#primaryimage\",\"url\":\"https:\/\/www.flutlicht.biz\/wp-content\/uploads\/2013\/08\/flutlicht02-0109.jpg\",\"contentUrl\":\"https:\/\/www.flutlicht.biz\/wp-content\/uploads\/2013\/08\/flutlicht02-0109.jpg\",\"width\":779,\"height\":519},{\"@type\":\"BreadcrumbList\",\"@id\":\"https:\/\/www.flutlicht.biz\/en\/services\/corporate-publishing\/#breadcrumb\",\"itemListElement\":[{\"@type\":\"ListItem\",\"position\":1,\"name\":\"Services\",\"item\":\"https:\/\/www.flutlicht.biz\/en\/services\/\"},{\"@type\":\"ListItem\",\"position\":2,\"name\":\"Corporate Publishing\"}]},{\"@type\":\"WebSite\",\"@id\":\"https:\/\/www.flutlicht.biz\/#website\",\"url\":\"https:\/\/www.flutlicht.biz\/\",\"name\":\"Flutlicht\",\"description\":\"PR-Agentur f\u00fcr Technologie IT TK UE in N\u00fcrnberg + M\u00fcnchen - Flutlicht\",\"potentialAction\":[{\"@type\":\"SearchAction\",\"target\":{\"@type\":\"EntryPoint\",\"urlTemplate\":\"https:\/\/www.flutlicht.biz\/?s={search_term_string}\"},\"query-input\":{\"@type\":\"PropertyValueSpecification\",\"valueRequired\":true,\"valueName\":\"search_term_string\"}}],\"inLanguage\":\"en-US\"}]}<\/script>\n<!-- \/ Yoast SEO plugin. -->","yoast_head_json":{"title":"Corporate Publishing: corporate communication via owned media","description":"The right corporate publishing projects for you: all possible channels, different formats, on-\/offline, for internal \/ external target groups, B2C and B2B.","robots":{"index":"index","follow":"follow","max-snippet":"max-snippet:-1","max-image-preview":"max-image-preview:large","max-video-preview":"max-video-preview:-1"},"canonical":"https:\/\/www.flutlicht.biz\/en\/services\/corporate-publishing\/","og_locale":"en_US","og_type":"article","og_title":"Corporate Publishing: corporate communication via owned media","og_description":"The right corporate publishing projects for you: all possible channels, different formats, on-\/offline, for internal \/ external target groups, B2C and B2B.","og_url":"https:\/\/www.flutlicht.biz\/en\/services\/corporate-publishing\/","og_site_name":"Flutlicht","article_publisher":"https:\/\/www.facebook.com\/FlutlichtPR\/","article_modified_time":"2024-09-03T12:30:26+00:00","og_image":[{"width":779,"height":519,"url":"https:\/\/www.flutlicht.biz\/wp-content\/uploads\/2013\/08\/flutlicht02-0109.jpg","type":"image\/jpeg"}],"twitter_card":"summary_large_image","twitter_site":"@FlutlichtPR","twitter_misc":{"Est. reading time":"3 minutes"},"schema":{"@context":"https:\/\/schema.org","@graph":[{"@type":"WebPage","@id":"https:\/\/www.flutlicht.biz\/en\/services\/corporate-publishing\/","url":"https:\/\/www.flutlicht.biz\/en\/services\/corporate-publishing\/","name":"Corporate Publishing: corporate communication via owned media","isPartOf":{"@id":"https:\/\/www.flutlicht.biz\/#website"},"primaryImageOfPage":{"@id":"https:\/\/www.flutlicht.biz\/en\/services\/corporate-publishing\/#primaryimage"},"image":{"@id":"https:\/\/www.flutlicht.biz\/en\/services\/corporate-publishing\/#primaryimage"},"thumbnailUrl":"https:\/\/www.flutlicht.biz\/wp-content\/uploads\/2013\/08\/flutlicht02-0109.jpg","datePublished":"2013-12-19T15:05:19+00:00","dateModified":"2024-09-03T12:30:26+00:00","description":"The right corporate publishing projects for you: all possible channels, different formats, on-\/offline, for internal \/ external target groups, B2C and B2B.","breadcrumb":{"@id":"https:\/\/www.flutlicht.biz\/en\/services\/corporate-publishing\/#breadcrumb"},"inLanguage":"en-US","potentialAction":[{"@type":"ReadAction","target":["https:\/\/www.flutlicht.biz\/en\/services\/corporate-publishing\/"]}]},{"@type":"ImageObject","inLanguage":"en-US","@id":"https:\/\/www.flutlicht.biz\/en\/services\/corporate-publishing\/#primaryimage","url":"https:\/\/www.flutlicht.biz\/wp-content\/uploads\/2013\/08\/flutlicht02-0109.jpg","contentUrl":"https:\/\/www.flutlicht.biz\/wp-content\/uploads\/2013\/08\/flutlicht02-0109.jpg","width":779,"height":519},{"@type":"BreadcrumbList","@id":"https:\/\/www.flutlicht.biz\/en\/services\/corporate-publishing\/#breadcrumb","itemListElement":[{"@type":"ListItem","position":1,"name":"Services","item":"https:\/\/www.flutlicht.biz\/en\/services\/"},{"@type":"ListItem","position":2,"name":"Corporate Publishing"}]},{"@type":"WebSite","@id":"https:\/\/www.flutlicht.biz\/#website","url":"https:\/\/www.flutlicht.biz\/","name":"Flutlicht","description":"PR-Agentur f\u00fcr Technologie IT TK UE in N\u00fcrnberg + M\u00fcnchen - Flutlicht","potentialAction":[{"@type":"SearchAction","target":{"@type":"EntryPoint","urlTemplate":"https:\/\/www.flutlicht.biz\/?s={search_term_string}"},"query-input":{"@type":"PropertyValueSpecification","valueRequired":true,"valueName":"search_term_string"}}],"inLanguage":"en-US"}]}},"_links":{"self":[{"href":"https:\/\/www.flutlicht.biz\/en\/wp-json\/wp\/v2\/pages\/5703","targetHints":{"allow":["GET"]}}],"collection":[{"href":"https:\/\/www.flutlicht.biz\/en\/wp-json\/wp\/v2\/pages"}],"about":[{"href":"https:\/\/www.flutlicht.biz\/en\/wp-json\/wp\/v2\/types\/page"}],"author":[{"embeddable":true,"href":"https:\/\/www.flutlicht.biz\/en\/wp-json\/wp\/v2\/users\/21"}],"replies":[{"embeddable":true,"href":"https:\/\/www.flutlicht.biz\/en\/wp-json\/wp\/v2\/comments?post=5703"}],"version-history":[{"count":12,"href":"https:\/\/www.flutlicht.biz\/en\/wp-json\/wp\/v2\/pages\/5703\/revisions"}],"predecessor-version":[{"id":21800,"href":"https:\/\/www.flutlicht.biz\/en\/wp-json\/wp\/v2\/pages\/5703\/revisions\/21800"}],"up":[{"embeddable":true,"href":"https:\/\/www.flutlicht.biz\/en\/wp-json\/wp\/v2\/pages\/5662"}],"wp:featuredmedia":[{"embeddable":true,"href":"https:\/\/www.flutlicht.biz\/en\/wp-json\/wp\/v2\/media\/3685"}],"wp:attachment":[{"href":"https:\/\/www.flutlicht.biz\/en\/wp-json\/wp\/v2\/media?parent=5703"}],"curies":[{"name":"wp","href":"https:\/\/api.w.org\/{rel}","templated":true}]}}