{"id":5677,"date":"2013-12-19T14:46:29","date_gmt":"2013-12-19T14:46:29","guid":{"rendered":"https:\/\/www.flutlicht.biz\/en\/services\/social-media-agency\/"},"modified":"2024-09-03T12:28:39","modified_gmt":"2024-09-03T12:28:39","slug":"social-media-agency","status":"publish","type":"page","link":"https:\/\/www.flutlicht.biz\/en\/services\/social-media-agency\/","title":{"rendered":"Social Media"},"content":{"rendered":"<h2>SOCIAL MEDIA MARKETING: A DIRECT LINE TO YOUR TARGET GROUPS<\/h2>\n<p><strong>Today, social media marketing is an integral part of successful corporate communication. Regardless of the size of your company and whether the communication is B2C or B2B \u2013 as a PR and social media agency, we analyse the framework for successful communication of your organisation in social networks. To do so, we identify target groups, influencers and the relevant channels. We define the prerequisites, goals, processes and responsibilities, develop a well-founded social media strategy and platform concepts, assist you in setting up efficient social media teams, and create social media guidelines. If necessary, we provide you with support in managing your community and day-to-day exchanges with your fans and followers. We use social media advertising measures to increase your outreach, achieve more traffic for your website, and generate more leads for your sales team.<\/strong><\/p>\n<p><a class=\"wp-attachment-link\" href=\"https:\/\/www.flutlicht.biz\/wp-content\/uploads\/2013\/08\/flutlicht02-0052.jpg\"><img decoding=\"async\" class=\"alignnone wp-image-3679\" src=\"https:\/\/www.flutlicht.biz\/wp-content\/uploads\/2013\/08\/flutlicht02-0052.jpg\" alt=\"flutlicht02-0052\" width=\"1080\" height=\"720\" srcset=\"https:\/\/www.flutlicht.biz\/wp-content\/uploads\/2013\/08\/flutlicht02-0052.jpg 779w, https:\/\/www.flutlicht.biz\/wp-content\/uploads\/2013\/08\/flutlicht02-0052-300x200.jpg 300w, https:\/\/www.flutlicht.biz\/wp-content\/uploads\/2013\/08\/flutlicht02-0052-768x512.jpg 768w, https:\/\/www.flutlicht.biz\/wp-content\/uploads\/2013\/08\/flutlicht02-0052-745x496.jpg 745w\" sizes=\"(max-width: 1080px) 100vw, 1080px\" \/><\/a><\/p>\n<h3>HIGH QUALITY CONSULTING, INTEGRATED STRATEGY, REALISTIC MEASURES<\/h3>\n<p>At Flutlicht, our <strong>social media consulting<\/strong> service begins with finding out about your social media activities and experiences:<\/p>\n<ul style=\"list-style-type: square;\">\n<li>Which channels are you already using?<\/li>\n<li>Do you have a defined social media strategy and a content strategy?<\/li>\n<li>Do you have defined channel pledges for different platforms, and are they kept?<\/li>\n<\/ul>\n<p>We analyse your social networks from an external perspective and record the social media status quo of your company.<br \/>\nAnd it makes no difference if you already conduct proactive social media marketing or not: we search the Web for platforms where people are talking about your organisation or your products \u2013 even if you are not actively participating.<br \/>\nThe obtained results serve to optimise your existing activities to achieve corporate goals and a consistent presence on the Web, and they are incorporated into the development of an integrated social media strategy. We have all the relevant networks on our radar and recommend a mix of platforms that is specific to your company. From Facebook, Twitter, Instagram and Pinterest, through to <a href=\"https:\/\/www.flutlicht.biz\/en\/services\/employer-branding\/\">employer branding<\/a> on Xing, or positioning your company as experts on Linkedin or Slideshare.<\/p>\n<h3>PR AND SOCIAL MEDIA: WHAT IS IMPORTANT TO US<\/h3>\n<p>We are a responsible partner who takes your existing structures and resources into account in all the goals we set and measures we take. Realistic framework conditions and time schedules are a given for us. If required, we provide you with support in establishing cross-departmental <strong>social media teams<\/strong> and <strong>processes<\/strong>, creating customized <strong>social media guidelines<\/strong> and putting <strong>content governance<\/strong> on your CEO\u2019s agenda.<\/p>\n<h3>SOCIAL MEDIA RELATIONS: WE MAINTAIN GOOD WORKING RELATIONSHIPS<\/h3>\n<p>As long-standing public relations experts, we are proud of our excellent reputation among media representatives. How did we achieve this? Firstly, on account of our technical expertise and adherence to the do&#8217;s and don&#8217;ts of professional media relations. Secondly \u2013 and most importantly \u2013 thanks to our<strong> relationship management<\/strong>. Your social media community is essentially looking for <strong>appreciation and communication based on mutual respect<\/strong>. The right information and responses at the right time in the right format, the appropriate tone, availability, speed, reliability, truthfulness and authenticity are some of the essential criteria that we believe establish good social media relations and direct exchanges with your target groups.<br \/>\nAlongside professional community management, social media advertising is an integral part of <strong>successful social media marketing<\/strong>. Content promotion and content seeding via social networks, as well as creative social media campaigns are some of the tasks we perform on a regular basis.<\/p>\n<h2>SERVICES: SOCIAL MEDIA MARKETING AGENCY<\/h2>\n<ul style=\"list-style-type: square;\">\n<li>Analysis, social media check<\/li>\n<li>Integrated social media strategy, conception<\/li>\n<li>Channel pledges, platform concepts and support<\/li>\n<li>Social media relations, community management<\/li>\n<li>Social media advertising, content promotion, content seeding<\/li>\n<li><a href=\"https:\/\/www.flutlicht.biz\/en\/services\/media-relations\/\">Influencer marketing, influencer campaigns<\/a><\/li>\n<li>Content creation and content management<\/li>\n<li>Creation of social media guidelines and playbooks<\/li>\n<li>Design and implementation of newsrooms<\/li>\n<li>Training courses, workshops<\/li>\n<\/ul>\n","protected":false},"excerpt":{"rendered":"<p>SOCIAL MEDIA MARKETING: A DIRECT LINE TO YOUR TARGET GROUPS Today, social media marketing is an integral&#8230;<\/p>\n","protected":false},"author":21,"featured_media":3679,"parent":5662,"menu_order":4,"comment_status":"open","ping_status":"closed","template":"template-fullwidth.php","meta":{"_acf_changed":false,"footnotes":""},"class_list":["post-5677","page","type-page","status-publish","has-post-thumbnail","hentry"],"acf":[],"yoast_head":"<!-- This site is optimized with the Yoast SEO plugin v24.3 - https:\/\/yoast.com\/wordpress\/plugins\/seo\/ -->\n<title>Social Media Marketing: a direct line to your target groups - Flutlicht<\/title>\n<meta name=\"description\" content=\"As PR and social media agency, we analyse the framework for successful communication of your organisation in social networks. Learn more about our approach.\" \/>\n<meta name=\"robots\" content=\"index, follow, max-snippet:-1, max-image-preview:large, max-video-preview:-1\" \/>\n<link rel=\"canonical\" href=\"https:\/\/www.flutlicht.biz\/en\/services\/social-media-agency\/\" \/>\n<meta property=\"og:locale\" content=\"en_US\" \/>\n<meta property=\"og:type\" content=\"article\" \/>\n<meta property=\"og:title\" content=\"Social Media Marketing: a direct line to your target groups - Flutlicht\" \/>\n<meta property=\"og:description\" content=\"As PR and social media agency, we analyse the framework for successful communication of your organisation in social networks. Learn more about our approach.\" \/>\n<meta property=\"og:url\" content=\"https:\/\/www.flutlicht.biz\/en\/services\/social-media-agency\/\" \/>\n<meta property=\"og:site_name\" content=\"Flutlicht\" \/>\n<meta property=\"article:publisher\" content=\"https:\/\/www.facebook.com\/FlutlichtPR\/\" \/>\n<meta property=\"article:modified_time\" content=\"2024-09-03T12:28:39+00:00\" \/>\n<meta property=\"og:image\" content=\"https:\/\/www.flutlicht.biz\/wp-content\/uploads\/2013\/08\/flutlicht02-0052.jpg\" \/>\n\t<meta property=\"og:image:width\" content=\"779\" \/>\n\t<meta property=\"og:image:height\" content=\"519\" \/>\n\t<meta property=\"og:image:type\" content=\"image\/jpeg\" \/>\n<meta name=\"twitter:card\" content=\"summary_large_image\" \/>\n<meta name=\"twitter:site\" content=\"@FlutlichtPR\" \/>\n<meta name=\"twitter:label1\" content=\"Est. reading time\" \/>\n\t<meta name=\"twitter:data1\" content=\"4 minutes\" \/>\n<script type=\"application\/ld+json\" class=\"yoast-schema-graph\">{\"@context\":\"https:\/\/schema.org\",\"@graph\":[{\"@type\":\"WebPage\",\"@id\":\"https:\/\/www.flutlicht.biz\/en\/services\/social-media-agency\/\",\"url\":\"https:\/\/www.flutlicht.biz\/en\/services\/social-media-agency\/\",\"name\":\"Social Media Marketing: a direct line to your target groups - Flutlicht\",\"isPartOf\":{\"@id\":\"https:\/\/www.flutlicht.biz\/#website\"},\"primaryImageOfPage\":{\"@id\":\"https:\/\/www.flutlicht.biz\/en\/services\/social-media-agency\/#primaryimage\"},\"image\":{\"@id\":\"https:\/\/www.flutlicht.biz\/en\/services\/social-media-agency\/#primaryimage\"},\"thumbnailUrl\":\"https:\/\/www.flutlicht.biz\/wp-content\/uploads\/2013\/08\/flutlicht02-0052.jpg\",\"datePublished\":\"2013-12-19T14:46:29+00:00\",\"dateModified\":\"2024-09-03T12:28:39+00:00\",\"description\":\"As PR and social media agency, we analyse the framework for successful communication of your organisation in social networks. Learn more about our approach.\",\"breadcrumb\":{\"@id\":\"https:\/\/www.flutlicht.biz\/en\/services\/social-media-agency\/#breadcrumb\"},\"inLanguage\":\"en-US\",\"potentialAction\":[{\"@type\":\"ReadAction\",\"target\":[\"https:\/\/www.flutlicht.biz\/en\/services\/social-media-agency\/\"]}]},{\"@type\":\"ImageObject\",\"inLanguage\":\"en-US\",\"@id\":\"https:\/\/www.flutlicht.biz\/en\/services\/social-media-agency\/#primaryimage\",\"url\":\"https:\/\/www.flutlicht.biz\/wp-content\/uploads\/2013\/08\/flutlicht02-0052.jpg\",\"contentUrl\":\"https:\/\/www.flutlicht.biz\/wp-content\/uploads\/2013\/08\/flutlicht02-0052.jpg\",\"width\":779,\"height\":519},{\"@type\":\"BreadcrumbList\",\"@id\":\"https:\/\/www.flutlicht.biz\/en\/services\/social-media-agency\/#breadcrumb\",\"itemListElement\":[{\"@type\":\"ListItem\",\"position\":1,\"name\":\"Services\",\"item\":\"https:\/\/www.flutlicht.biz\/en\/services\/\"},{\"@type\":\"ListItem\",\"position\":2,\"name\":\"Social Media\"}]},{\"@type\":\"WebSite\",\"@id\":\"https:\/\/www.flutlicht.biz\/#website\",\"url\":\"https:\/\/www.flutlicht.biz\/\",\"name\":\"Flutlicht\",\"description\":\"PR-Agentur f\u00fcr Technologie IT TK UE in N\u00fcrnberg + M\u00fcnchen - Flutlicht\",\"potentialAction\":[{\"@type\":\"SearchAction\",\"target\":{\"@type\":\"EntryPoint\",\"urlTemplate\":\"https:\/\/www.flutlicht.biz\/?s={search_term_string}\"},\"query-input\":{\"@type\":\"PropertyValueSpecification\",\"valueRequired\":true,\"valueName\":\"search_term_string\"}}],\"inLanguage\":\"en-US\"}]}<\/script>\n<!-- \/ Yoast SEO plugin. -->","yoast_head_json":{"title":"Social Media Marketing: a direct line to your target groups - Flutlicht","description":"As PR and social media agency, we analyse the framework for successful communication of your organisation in social networks. Learn more about our approach.","robots":{"index":"index","follow":"follow","max-snippet":"max-snippet:-1","max-image-preview":"max-image-preview:large","max-video-preview":"max-video-preview:-1"},"canonical":"https:\/\/www.flutlicht.biz\/en\/services\/social-media-agency\/","og_locale":"en_US","og_type":"article","og_title":"Social Media Marketing: a direct line to your target groups - Flutlicht","og_description":"As PR and social media agency, we analyse the framework for successful communication of your organisation in social networks. Learn more about our approach.","og_url":"https:\/\/www.flutlicht.biz\/en\/services\/social-media-agency\/","og_site_name":"Flutlicht","article_publisher":"https:\/\/www.facebook.com\/FlutlichtPR\/","article_modified_time":"2024-09-03T12:28:39+00:00","og_image":[{"width":779,"height":519,"url":"https:\/\/www.flutlicht.biz\/wp-content\/uploads\/2013\/08\/flutlicht02-0052.jpg","type":"image\/jpeg"}],"twitter_card":"summary_large_image","twitter_site":"@FlutlichtPR","twitter_misc":{"Est. reading time":"4 minutes"},"schema":{"@context":"https:\/\/schema.org","@graph":[{"@type":"WebPage","@id":"https:\/\/www.flutlicht.biz\/en\/services\/social-media-agency\/","url":"https:\/\/www.flutlicht.biz\/en\/services\/social-media-agency\/","name":"Social Media Marketing: a direct line to your target groups - Flutlicht","isPartOf":{"@id":"https:\/\/www.flutlicht.biz\/#website"},"primaryImageOfPage":{"@id":"https:\/\/www.flutlicht.biz\/en\/services\/social-media-agency\/#primaryimage"},"image":{"@id":"https:\/\/www.flutlicht.biz\/en\/services\/social-media-agency\/#primaryimage"},"thumbnailUrl":"https:\/\/www.flutlicht.biz\/wp-content\/uploads\/2013\/08\/flutlicht02-0052.jpg","datePublished":"2013-12-19T14:46:29+00:00","dateModified":"2024-09-03T12:28:39+00:00","description":"As PR and social media agency, we analyse the framework for successful communication of your organisation in social networks. Learn more about our approach.","breadcrumb":{"@id":"https:\/\/www.flutlicht.biz\/en\/services\/social-media-agency\/#breadcrumb"},"inLanguage":"en-US","potentialAction":[{"@type":"ReadAction","target":["https:\/\/www.flutlicht.biz\/en\/services\/social-media-agency\/"]}]},{"@type":"ImageObject","inLanguage":"en-US","@id":"https:\/\/www.flutlicht.biz\/en\/services\/social-media-agency\/#primaryimage","url":"https:\/\/www.flutlicht.biz\/wp-content\/uploads\/2013\/08\/flutlicht02-0052.jpg","contentUrl":"https:\/\/www.flutlicht.biz\/wp-content\/uploads\/2013\/08\/flutlicht02-0052.jpg","width":779,"height":519},{"@type":"BreadcrumbList","@id":"https:\/\/www.flutlicht.biz\/en\/services\/social-media-agency\/#breadcrumb","itemListElement":[{"@type":"ListItem","position":1,"name":"Services","item":"https:\/\/www.flutlicht.biz\/en\/services\/"},{"@type":"ListItem","position":2,"name":"Social Media"}]},{"@type":"WebSite","@id":"https:\/\/www.flutlicht.biz\/#website","url":"https:\/\/www.flutlicht.biz\/","name":"Flutlicht","description":"PR-Agentur f\u00fcr Technologie IT TK UE in N\u00fcrnberg + M\u00fcnchen - Flutlicht","potentialAction":[{"@type":"SearchAction","target":{"@type":"EntryPoint","urlTemplate":"https:\/\/www.flutlicht.biz\/?s={search_term_string}"},"query-input":{"@type":"PropertyValueSpecification","valueRequired":true,"valueName":"search_term_string"}}],"inLanguage":"en-US"}]}},"_links":{"self":[{"href":"https:\/\/www.flutlicht.biz\/en\/wp-json\/wp\/v2\/pages\/5677","targetHints":{"allow":["GET"]}}],"collection":[{"href":"https:\/\/www.flutlicht.biz\/en\/wp-json\/wp\/v2\/pages"}],"about":[{"href":"https:\/\/www.flutlicht.biz\/en\/wp-json\/wp\/v2\/types\/page"}],"author":[{"embeddable":true,"href":"https:\/\/www.flutlicht.biz\/en\/wp-json\/wp\/v2\/users\/21"}],"replies":[{"embeddable":true,"href":"https:\/\/www.flutlicht.biz\/en\/wp-json\/wp\/v2\/comments?post=5677"}],"version-history":[{"count":13,"href":"https:\/\/www.flutlicht.biz\/en\/wp-json\/wp\/v2\/pages\/5677\/revisions"}],"predecessor-version":[{"id":21797,"href":"https:\/\/www.flutlicht.biz\/en\/wp-json\/wp\/v2\/pages\/5677\/revisions\/21797"}],"up":[{"embeddable":true,"href":"https:\/\/www.flutlicht.biz\/en\/wp-json\/wp\/v2\/pages\/5662"}],"wp:featuredmedia":[{"embeddable":true,"href":"https:\/\/www.flutlicht.biz\/en\/wp-json\/wp\/v2\/media\/3679"}],"wp:attachment":[{"href":"https:\/\/www.flutlicht.biz\/en\/wp-json\/wp\/v2\/media?parent=5677"}],"curies":[{"name":"wp","href":"https:\/\/api.w.org\/{rel}","templated":true}]}}