{"id":5664,"date":"2013-12-19T14:34:13","date_gmt":"2013-12-19T14:34:13","guid":{"rendered":"https:\/\/www.flutlicht.biz\/en\/services\/communicationconsulting\/"},"modified":"2025-10-28T09:52:20","modified_gmt":"2025-10-28T09:52:20","slug":"communicationconsulting","status":"publish","type":"page","link":"https:\/\/www.flutlicht.biz\/en\/services\/communicationconsulting\/","title":{"rendered":"Consulting"},"content":{"rendered":"<h2>360\u00b0 Communication Consulting<\/h2>\n<p><strong>We provide successful communication consulting services for technology related companies based on tailor-made strategies. Our integrated 360-degree communications consulting takes into account all communications disciplines that are crucial to your business goals in the AI age. As part of this approach, we provide our B2B and B2C customers with support in establishing \u2013 or even transforming \u2013 their image, positioning their company, brands and products, as well as increasing the level of awareness and trust among the relevant target groups. By creating content that is tailored to each specific target group and providing the appropriate content marketing, we help increase visibility, website traffic, lead generation and conversions.<\/strong><\/p>\n<p><a class=\"wp-attachment-link\" href=\"https:\/\/www.flutlicht.biz\/wp-content\/uploads\/2013\/09\/kommunikationsberatung-flutlicht.jpg\"><img decoding=\"async\" class=\"alignnone wp-image-13501\" src=\"https:\/\/www.flutlicht.biz\/wp-content\/uploads\/2013\/09\/kommunikationsberatung-flutlicht.jpg\" alt=\"Kommunikationsberatung Flur B\u00fcro Agentur Office-Design Flutlicht\" width=\"1080\" height=\"720\" srcset=\"https:\/\/www.flutlicht.biz\/wp-content\/uploads\/2013\/09\/kommunikationsberatung-flutlicht.jpg 540w, https:\/\/www.flutlicht.biz\/wp-content\/uploads\/2013\/09\/kommunikationsberatung-flutlicht-300x200.jpg 300w\" sizes=\"(max-width: 1080px) 100vw, 1080px\" \/><\/a><\/p>\n<p>In our daily business we use a well-chosen <strong>mix of classic public relations and <a href=\"https:\/\/www.flutlicht.biz\/en\/services\/content-marketing-agency\/\">digital relations<\/a>.<\/strong> We integrate a variety of different measures in the most effective way to provide corporate decision-makers and end consumers with relevant information and value-added content at all stages of their customer journey. To that effect, our agenda includes a wide spectrum of online and offline activities, just as you would expect of a modern 360\u00b0 corporate communication strategy. This includes <a href=\"https:\/\/www.flutlicht.biz\/en\/services\/media-relations\/\"><strong>media relations<\/strong><\/a> and <strong>influencer relations<\/strong>,<strong> <a href=\"https:\/\/www.flutlicht.biz\/en\/services\/social-media-agency\/\">social media management<\/a><\/strong> and <strong>corporate publishing<\/strong> in addition to <strong>digital communications, content marketing, trade fairs and events<\/strong>. We are also a competent partner when it comes to <a href=\"https:\/\/www.flutlicht.biz\/en\/services\/employer-branding\/\"><strong>employer branding<\/strong><\/a>.<\/p>\n<h3>ANALYSIS, COMMUNICATION CONSULTING, CONTENT STRATEGY: TAKE OFF!<\/h3>\n<p>Flutlicht supports your business by analysing, consulting and training. When we start working with you, we take a close look at the status quo of your corporate communications, ranging from previous marketing and PR activities through to the content and content formats that your company provides for your interest groups via different channels, such as websites, social networks or classic <strong>media relations<\/strong>. We also study the public conversations that you hold with your target groups and communities, and identify any potential for optimisation. Our communication consulting services are based on the results of these studies. Together with you, we develop communication goals and concepts based on content strategy and storytelling for different target groups and personas. From this, we derive operational measures and creative campaigns. Always realistic and with your human and financial resources in mind.<\/p>\n<h3>TRAINING AND WORKSHOPS<\/h3>\n<p>We gladly share our know-how and experience to advise you how to interact with journalists and bloggers as well as everything you need to know about professional social media relations and employer communication. We can also help to prepare you for specific interview situations and provide you with the tools you need to portray yourself authentically and successfully.<\/p>\n<h3>WE DO A LOT \u2013 BUT WE CAN\u2019T DO IT ALL OURSELVES: OUR PARTNER NETWORK<\/h3>\n<p>Successful strategic communication in today\u2019s digital age is a challenge \u2013 both in terms of content and from a technical perspective. That is why it is simply not possible to consider and plan activities from different communication disciplines in isolation. This is why we offer a very broad range of communication consulting services. However, in areas that fall outside our core competences, we gladly pass on to the experts from our established <a href=\"https:\/\/www.flutlicht.biz\/en\/agency\/partners\/\">partner network<\/a>.<\/p>\n<h2>SERVICES: COMMUNICATION CONSULTING<\/h2>\n<ul style=\"list-style-type: square;\">\n<li>360\u00b0 communication consulting services, strategic communication<\/li>\n<li>Communication and target group analysis<\/li>\n<li>Development of <a href=\"https:\/\/www.flutlicht.biz\/2017\/06\/dank-buyer-persona-massgeschneiderter-content-fuer-die-zielgruppe\/\">buyer<\/a> \/ <a href=\"https:\/\/www.flutlicht.biz\/2017\/09\/dank-buyer-personas-massgeschneiderter-content-fuer-die-zielgruppe-teil-2\/\">marketing personas<\/a><\/li>\n<li>Content strategies, content marketing strategies<\/li>\n<li>Communication concepts, <a href=\"https:\/\/www.flutlicht.biz\/2017\/02\/kreativ-auf-knopfdruck\/\">creative concepts<\/a><\/li>\n<li>Positioning workshops and corporate profiling<\/li>\n<li>Executive profiling for executives and top management<\/li>\n<li><a href=\"https:\/\/www.flutlicht.biz\/2017\/06\/digital-workplace-8-faktoren-fuer-erfolgreiche-change-kommunikation\/\">Change communication<\/a><\/li>\n<li>Crisis communication and training<\/li>\n<li>Media and interview training<\/li>\n<li>Public speaking training<\/li>\n<\/ul>\n","protected":false},"excerpt":{"rendered":"<p>360\u00b0 Communication Consulting We provide successful communication consulting services for technology related companies based on tailor-made strategies&#8230;.<\/p>\n","protected":false},"author":21,"featured_media":13501,"parent":5662,"menu_order":1,"comment_status":"open","ping_status":"closed","template":"template-fullwidth.php","meta":{"_acf_changed":false,"footnotes":""},"class_list":["post-5664","page","type-page","status-publish","has-post-thumbnail","hentry"],"acf":[],"yoast_head":"<!-- This site is optimized with the Yoast SEO plugin v24.3 - https:\/\/yoast.com\/wordpress\/plugins\/seo\/ -->\n<title>360\u00b0 communication consulting agency for the digital era<\/title>\n<meta name=\"description\" content=\"Successful communication consulting services for technology companies. PR, digital relations and content marketing for awareness, image, traffic and leads.\" \/>\n<meta name=\"robots\" content=\"index, follow, max-snippet:-1, max-image-preview:large, max-video-preview:-1\" \/>\n<link rel=\"canonical\" href=\"https:\/\/www.flutlicht.biz\/en\/services\/communicationconsulting\/\" \/>\n<meta property=\"og:locale\" content=\"en_US\" \/>\n<meta property=\"og:type\" content=\"article\" \/>\n<meta property=\"og:title\" content=\"360\u00b0 communication consulting agency for the digital era\" \/>\n<meta property=\"og:description\" content=\"Successful communication consulting services for technology companies. PR, digital relations and content marketing for awareness, image, traffic and leads.\" \/>\n<meta property=\"og:url\" content=\"https:\/\/www.flutlicht.biz\/en\/services\/communicationconsulting\/\" \/>\n<meta property=\"og:site_name\" content=\"Flutlicht\" \/>\n<meta property=\"article:publisher\" content=\"https:\/\/www.facebook.com\/FlutlichtPR\/\" \/>\n<meta property=\"article:modified_time\" content=\"2025-10-28T09:52:20+00:00\" \/>\n<meta property=\"og:image\" content=\"https:\/\/www.flutlicht.biz\/wp-content\/uploads\/2013\/09\/kommunikationsberatung-flutlicht.jpg\" \/>\n\t<meta property=\"og:image:width\" content=\"540\" \/>\n\t<meta property=\"og:image:height\" content=\"360\" \/>\n\t<meta property=\"og:image:type\" content=\"image\/jpeg\" \/>\n<meta name=\"twitter:card\" content=\"summary_large_image\" \/>\n<meta name=\"twitter:site\" content=\"@FlutlichtPR\" \/>\n<meta name=\"twitter:label1\" content=\"Est. reading time\" \/>\n\t<meta name=\"twitter:data1\" content=\"4 minutes\" \/>\n<script type=\"application\/ld+json\" class=\"yoast-schema-graph\">{\"@context\":\"https:\/\/schema.org\",\"@graph\":[{\"@type\":\"WebPage\",\"@id\":\"https:\/\/www.flutlicht.biz\/en\/services\/communicationconsulting\/\",\"url\":\"https:\/\/www.flutlicht.biz\/en\/services\/communicationconsulting\/\",\"name\":\"360\u00b0 communication consulting agency for the digital era\",\"isPartOf\":{\"@id\":\"https:\/\/www.flutlicht.biz\/#website\"},\"primaryImageOfPage\":{\"@id\":\"https:\/\/www.flutlicht.biz\/en\/services\/communicationconsulting\/#primaryimage\"},\"image\":{\"@id\":\"https:\/\/www.flutlicht.biz\/en\/services\/communicationconsulting\/#primaryimage\"},\"thumbnailUrl\":\"https:\/\/www.flutlicht.biz\/wp-content\/uploads\/2013\/09\/kommunikationsberatung-flutlicht.jpg\",\"datePublished\":\"2013-12-19T14:34:13+00:00\",\"dateModified\":\"2025-10-28T09:52:20+00:00\",\"description\":\"Successful communication consulting services for technology companies. PR, digital relations and content marketing for awareness, image, traffic and leads.\",\"breadcrumb\":{\"@id\":\"https:\/\/www.flutlicht.biz\/en\/services\/communicationconsulting\/#breadcrumb\"},\"inLanguage\":\"en-US\",\"potentialAction\":[{\"@type\":\"ReadAction\",\"target\":[\"https:\/\/www.flutlicht.biz\/en\/services\/communicationconsulting\/\"]}]},{\"@type\":\"ImageObject\",\"inLanguage\":\"en-US\",\"@id\":\"https:\/\/www.flutlicht.biz\/en\/services\/communicationconsulting\/#primaryimage\",\"url\":\"https:\/\/www.flutlicht.biz\/wp-content\/uploads\/2013\/09\/kommunikationsberatung-flutlicht.jpg\",\"contentUrl\":\"https:\/\/www.flutlicht.biz\/wp-content\/uploads\/2013\/09\/kommunikationsberatung-flutlicht.jpg\",\"width\":540,\"height\":360,\"caption\":\"Kommunikationsberatung Flur B\u00fcro Agentur Office-Design Flutlicht\"},{\"@type\":\"BreadcrumbList\",\"@id\":\"https:\/\/www.flutlicht.biz\/en\/services\/communicationconsulting\/#breadcrumb\",\"itemListElement\":[{\"@type\":\"ListItem\",\"position\":1,\"name\":\"Services\",\"item\":\"https:\/\/www.flutlicht.biz\/en\/services\/\"},{\"@type\":\"ListItem\",\"position\":2,\"name\":\"Consulting\"}]},{\"@type\":\"WebSite\",\"@id\":\"https:\/\/www.flutlicht.biz\/#website\",\"url\":\"https:\/\/www.flutlicht.biz\/\",\"name\":\"Flutlicht\",\"description\":\"PR-Agentur f\u00fcr Technologie IT TK UE in N\u00fcrnberg + M\u00fcnchen - Flutlicht\",\"potentialAction\":[{\"@type\":\"SearchAction\",\"target\":{\"@type\":\"EntryPoint\",\"urlTemplate\":\"https:\/\/www.flutlicht.biz\/?s={search_term_string}\"},\"query-input\":{\"@type\":\"PropertyValueSpecification\",\"valueRequired\":true,\"valueName\":\"search_term_string\"}}],\"inLanguage\":\"en-US\"}]}<\/script>\n<!-- \/ Yoast SEO plugin. -->","yoast_head_json":{"title":"360\u00b0 communication consulting agency for the digital era","description":"Successful communication consulting services for technology companies. PR, digital relations and content marketing for awareness, image, traffic and leads.","robots":{"index":"index","follow":"follow","max-snippet":"max-snippet:-1","max-image-preview":"max-image-preview:large","max-video-preview":"max-video-preview:-1"},"canonical":"https:\/\/www.flutlicht.biz\/en\/services\/communicationconsulting\/","og_locale":"en_US","og_type":"article","og_title":"360\u00b0 communication consulting agency for the digital era","og_description":"Successful communication consulting services for technology companies. PR, digital relations and content marketing for awareness, image, traffic and leads.","og_url":"https:\/\/www.flutlicht.biz\/en\/services\/communicationconsulting\/","og_site_name":"Flutlicht","article_publisher":"https:\/\/www.facebook.com\/FlutlichtPR\/","article_modified_time":"2025-10-28T09:52:20+00:00","og_image":[{"width":540,"height":360,"url":"https:\/\/www.flutlicht.biz\/wp-content\/uploads\/2013\/09\/kommunikationsberatung-flutlicht.jpg","type":"image\/jpeg"}],"twitter_card":"summary_large_image","twitter_site":"@FlutlichtPR","twitter_misc":{"Est. reading time":"4 minutes"},"schema":{"@context":"https:\/\/schema.org","@graph":[{"@type":"WebPage","@id":"https:\/\/www.flutlicht.biz\/en\/services\/communicationconsulting\/","url":"https:\/\/www.flutlicht.biz\/en\/services\/communicationconsulting\/","name":"360\u00b0 communication consulting agency for the digital era","isPartOf":{"@id":"https:\/\/www.flutlicht.biz\/#website"},"primaryImageOfPage":{"@id":"https:\/\/www.flutlicht.biz\/en\/services\/communicationconsulting\/#primaryimage"},"image":{"@id":"https:\/\/www.flutlicht.biz\/en\/services\/communicationconsulting\/#primaryimage"},"thumbnailUrl":"https:\/\/www.flutlicht.biz\/wp-content\/uploads\/2013\/09\/kommunikationsberatung-flutlicht.jpg","datePublished":"2013-12-19T14:34:13+00:00","dateModified":"2025-10-28T09:52:20+00:00","description":"Successful communication consulting services for technology companies. PR, digital relations and content marketing for awareness, image, traffic and leads.","breadcrumb":{"@id":"https:\/\/www.flutlicht.biz\/en\/services\/communicationconsulting\/#breadcrumb"},"inLanguage":"en-US","potentialAction":[{"@type":"ReadAction","target":["https:\/\/www.flutlicht.biz\/en\/services\/communicationconsulting\/"]}]},{"@type":"ImageObject","inLanguage":"en-US","@id":"https:\/\/www.flutlicht.biz\/en\/services\/communicationconsulting\/#primaryimage","url":"https:\/\/www.flutlicht.biz\/wp-content\/uploads\/2013\/09\/kommunikationsberatung-flutlicht.jpg","contentUrl":"https:\/\/www.flutlicht.biz\/wp-content\/uploads\/2013\/09\/kommunikationsberatung-flutlicht.jpg","width":540,"height":360,"caption":"Kommunikationsberatung Flur B\u00fcro Agentur Office-Design Flutlicht"},{"@type":"BreadcrumbList","@id":"https:\/\/www.flutlicht.biz\/en\/services\/communicationconsulting\/#breadcrumb","itemListElement":[{"@type":"ListItem","position":1,"name":"Services","item":"https:\/\/www.flutlicht.biz\/en\/services\/"},{"@type":"ListItem","position":2,"name":"Consulting"}]},{"@type":"WebSite","@id":"https:\/\/www.flutlicht.biz\/#website","url":"https:\/\/www.flutlicht.biz\/","name":"Flutlicht","description":"PR-Agentur f\u00fcr Technologie IT TK UE in N\u00fcrnberg + M\u00fcnchen - Flutlicht","potentialAction":[{"@type":"SearchAction","target":{"@type":"EntryPoint","urlTemplate":"https:\/\/www.flutlicht.biz\/?s={search_term_string}"},"query-input":{"@type":"PropertyValueSpecification","valueRequired":true,"valueName":"search_term_string"}}],"inLanguage":"en-US"}]}},"_links":{"self":[{"href":"https:\/\/www.flutlicht.biz\/en\/wp-json\/wp\/v2\/pages\/5664","targetHints":{"allow":["GET"]}}],"collection":[{"href":"https:\/\/www.flutlicht.biz\/en\/wp-json\/wp\/v2\/pages"}],"about":[{"href":"https:\/\/www.flutlicht.biz\/en\/wp-json\/wp\/v2\/types\/page"}],"author":[{"embeddable":true,"href":"https:\/\/www.flutlicht.biz\/en\/wp-json\/wp\/v2\/users\/21"}],"replies":[{"embeddable":true,"href":"https:\/\/www.flutlicht.biz\/en\/wp-json\/wp\/v2\/comments?post=5664"}],"version-history":[{"count":23,"href":"https:\/\/www.flutlicht.biz\/en\/wp-json\/wp\/v2\/pages\/5664\/revisions"}],"predecessor-version":[{"id":22917,"href":"https:\/\/www.flutlicht.biz\/en\/wp-json\/wp\/v2\/pages\/5664\/revisions\/22917"}],"up":[{"embeddable":true,"href":"https:\/\/www.flutlicht.biz\/en\/wp-json\/wp\/v2\/pages\/5662"}],"wp:featuredmedia":[{"embeddable":true,"href":"https:\/\/www.flutlicht.biz\/en\/wp-json\/wp\/v2\/media\/13501"}],"wp:attachment":[{"href":"https:\/\/www.flutlicht.biz\/en\/wp-json\/wp\/v2\/media?parent=5664"}],"curies":[{"name":"wp","href":"https:\/\/api.w.org\/{rel}","templated":true}]}}