{"id":5645,"date":"2013-12-19T14:10:00","date_gmt":"2013-12-19T14:10:00","guid":{"rendered":"https:\/\/www.flutlicht.biz\/?page_id=5645"},"modified":"2019-10-23T12:11:38","modified_gmt":"2019-10-23T12:11:38","slug":"team","status":"publish","type":"page","link":"https:\/\/www.flutlicht.biz\/en\/agency\/team\/","title":{"rendered":"Team"},"content":{"rendered":"<h2>Passionate and Experienced Communication Pros<\/h2>\n<blockquote class=\"strongblockquote\"><p><strong>The <a href=\"https:\/\/www.flutlicht.biz\/en\/services\/communicationconsulting\/\">Flutlicht consultancy team<\/a>, which consists of PR experts, is familiar with a wide range of technology markets, breathes the dos and don&#8217;ts of PR and social media disciplines, and flexibly adapts to different client requirements. We firmly stand behind what we do, challenge ourselves, and are fresh and creative with our ideas. We want to make our clients feel every single day that they chose the right agency.<\/strong><\/p><\/blockquote>\n","protected":false},"excerpt":{"rendered":"<p>Passionate and Experienced Communication Pros The Flutlicht consultancy team, which consists of PR experts, is familiar with&#8230;<\/p>\n","protected":false},"author":21,"featured_media":13411,"parent":5610,"menu_order":4,"comment_status":"open","ping_status":"closed","template":"template-team.php","meta":{"_acf_changed":false,"footnotes":""},"class_list":["post-5645","page","type-page","status-publish","has-post-thumbnail","hentry"],"acf":[],"yoast_head":"<!-- This site is optimized with the Yoast SEO plugin v24.3 - https:\/\/yoast.com\/wordpress\/plugins\/seo\/ -->\n<title>Team - Flutlicht<\/title>\n<meta name=\"description\" content=\"Passionate and Experienced Communication Pros The Flutlicht consultancy team, which consists of PR experts, is familiar with a wide range of technology\" \/>\n<meta name=\"robots\" content=\"index, follow, max-snippet:-1, max-image-preview:large, max-video-preview:-1\" \/>\n<link rel=\"canonical\" href=\"https:\/\/www.flutlicht.biz\/en\/agency\/team\/\" \/>\n<meta property=\"og:locale\" content=\"en_US\" \/>\n<meta property=\"og:type\" content=\"article\" \/>\n<meta property=\"og:title\" content=\"Team - Flutlicht\" \/>\n<meta property=\"og:description\" content=\"Passionate and Experienced Communication Pros The Flutlicht consultancy team, which consists of PR experts, is familiar with a wide range of technology\" \/>\n<meta property=\"og:url\" content=\"https:\/\/www.flutlicht.biz\/en\/agency\/team\/\" \/>\n<meta property=\"og:site_name\" content=\"Flutlicht\" \/>\n<meta property=\"article:publisher\" content=\"https:\/\/www.facebook.com\/FlutlichtPR\/\" \/>\n<meta property=\"article:modified_time\" content=\"2019-10-23T12:11:38+00:00\" \/>\n<meta property=\"og:image\" content=\"https:\/\/www.flutlicht.biz\/wp-content\/uploads\/2018\/07\/b2run-ziel-flutlicht.png\" \/>\n\t<meta property=\"og:image:width\" content=\"540\" \/>\n\t<meta property=\"og:image:height\" content=\"360\" \/>\n\t<meta property=\"og:image:type\" content=\"image\/jpeg\" \/>\n<meta name=\"twitter:card\" content=\"summary_large_image\" \/>\n<meta name=\"twitter:site\" content=\"@FlutlichtPR\" \/>\n<script type=\"application\/ld+json\" class=\"yoast-schema-graph\">{\"@context\":\"https:\/\/schema.org\",\"@graph\":[{\"@type\":\"WebPage\",\"@id\":\"https:\/\/www.flutlicht.biz\/en\/agency\/team\/\",\"url\":\"https:\/\/www.flutlicht.biz\/en\/agency\/team\/\",\"name\":\"Team - Flutlicht\",\"isPartOf\":{\"@id\":\"https:\/\/www.flutlicht.biz\/#website\"},\"primaryImageOfPage\":{\"@id\":\"https:\/\/www.flutlicht.biz\/en\/agency\/team\/#primaryimage\"},\"image\":{\"@id\":\"https:\/\/www.flutlicht.biz\/en\/agency\/team\/#primaryimage\"},\"thumbnailUrl\":\"https:\/\/www.flutlicht.biz\/wp-content\/uploads\/2018\/07\/b2run-ziel-flutlicht.png\",\"datePublished\":\"2013-12-19T14:10:00+00:00\",\"dateModified\":\"2019-10-23T12:11:38+00:00\",\"description\":\"Passionate and Experienced Communication Pros The Flutlicht consultancy team, which consists of PR experts, is familiar with a wide range of technology\",\"breadcrumb\":{\"@id\":\"https:\/\/www.flutlicht.biz\/en\/agency\/team\/#breadcrumb\"},\"inLanguage\":\"en-US\",\"potentialAction\":[{\"@type\":\"ReadAction\",\"target\":[\"https:\/\/www.flutlicht.biz\/en\/agency\/team\/\"]}]},{\"@type\":\"ImageObject\",\"inLanguage\":\"en-US\",\"@id\":\"https:\/\/www.flutlicht.biz\/en\/agency\/team\/#primaryimage\",\"url\":\"https:\/\/www.flutlicht.biz\/wp-content\/uploads\/2018\/07\/b2run-ziel-flutlicht.png\",\"contentUrl\":\"https:\/\/www.flutlicht.biz\/wp-content\/uploads\/2018\/07\/b2run-ziel-flutlicht.png\",\"width\":540,\"height\":360},{\"@type\":\"BreadcrumbList\",\"@id\":\"https:\/\/www.flutlicht.biz\/en\/agency\/team\/#breadcrumb\",\"itemListElement\":[{\"@type\":\"ListItem\",\"position\":1,\"name\":\"Agency\",\"item\":\"https:\/\/www.flutlicht.biz\/en\/agency\/\"},{\"@type\":\"ListItem\",\"position\":2,\"name\":\"Team\"}]},{\"@type\":\"WebSite\",\"@id\":\"https:\/\/www.flutlicht.biz\/#website\",\"url\":\"https:\/\/www.flutlicht.biz\/\",\"name\":\"Flutlicht\",\"description\":\"PR-Agentur f\u00fcr Technologie IT TK UE in N\u00fcrnberg + M\u00fcnchen - Flutlicht\",\"potentialAction\":[{\"@type\":\"SearchAction\",\"target\":{\"@type\":\"EntryPoint\",\"urlTemplate\":\"https:\/\/www.flutlicht.biz\/?s={search_term_string}\"},\"query-input\":{\"@type\":\"PropertyValueSpecification\",\"valueRequired\":true,\"valueName\":\"search_term_string\"}}],\"inLanguage\":\"en-US\"}]}<\/script>\n<!-- \/ Yoast SEO plugin. -->","yoast_head_json":{"title":"Team - Flutlicht","description":"Passionate and Experienced Communication Pros The Flutlicht consultancy team, which consists of PR experts, is familiar with a wide range of technology","robots":{"index":"index","follow":"follow","max-snippet":"max-snippet:-1","max-image-preview":"max-image-preview:large","max-video-preview":"max-video-preview:-1"},"canonical":"https:\/\/www.flutlicht.biz\/en\/agency\/team\/","og_locale":"en_US","og_type":"article","og_title":"Team - Flutlicht","og_description":"Passionate and Experienced Communication Pros The Flutlicht consultancy team, which consists of PR experts, is familiar with a wide range of technology","og_url":"https:\/\/www.flutlicht.biz\/en\/agency\/team\/","og_site_name":"Flutlicht","article_publisher":"https:\/\/www.facebook.com\/FlutlichtPR\/","article_modified_time":"2019-10-23T12:11:38+00:00","og_image":[{"width":540,"height":360,"url":"https:\/\/www.flutlicht.biz\/wp-content\/uploads\/2018\/07\/b2run-ziel-flutlicht.png","type":"image\/jpeg"}],"twitter_card":"summary_large_image","twitter_site":"@FlutlichtPR","schema":{"@context":"https:\/\/schema.org","@graph":[{"@type":"WebPage","@id":"https:\/\/www.flutlicht.biz\/en\/agency\/team\/","url":"https:\/\/www.flutlicht.biz\/en\/agency\/team\/","name":"Team - Flutlicht","isPartOf":{"@id":"https:\/\/www.flutlicht.biz\/#website"},"primaryImageOfPage":{"@id":"https:\/\/www.flutlicht.biz\/en\/agency\/team\/#primaryimage"},"image":{"@id":"https:\/\/www.flutlicht.biz\/en\/agency\/team\/#primaryimage"},"thumbnailUrl":"https:\/\/www.flutlicht.biz\/wp-content\/uploads\/2018\/07\/b2run-ziel-flutlicht.png","datePublished":"2013-12-19T14:10:00+00:00","dateModified":"2019-10-23T12:11:38+00:00","description":"Passionate and Experienced Communication Pros The Flutlicht consultancy team, which consists of PR experts, is familiar with a wide range of technology","breadcrumb":{"@id":"https:\/\/www.flutlicht.biz\/en\/agency\/team\/#breadcrumb"},"inLanguage":"en-US","potentialAction":[{"@type":"ReadAction","target":["https:\/\/www.flutlicht.biz\/en\/agency\/team\/"]}]},{"@type":"ImageObject","inLanguage":"en-US","@id":"https:\/\/www.flutlicht.biz\/en\/agency\/team\/#primaryimage","url":"https:\/\/www.flutlicht.biz\/wp-content\/uploads\/2018\/07\/b2run-ziel-flutlicht.png","contentUrl":"https:\/\/www.flutlicht.biz\/wp-content\/uploads\/2018\/07\/b2run-ziel-flutlicht.png","width":540,"height":360},{"@type":"BreadcrumbList","@id":"https:\/\/www.flutlicht.biz\/en\/agency\/team\/#breadcrumb","itemListElement":[{"@type":"ListItem","position":1,"name":"Agency","item":"https:\/\/www.flutlicht.biz\/en\/agency\/"},{"@type":"ListItem","position":2,"name":"Team"}]},{"@type":"WebSite","@id":"https:\/\/www.flutlicht.biz\/#website","url":"https:\/\/www.flutlicht.biz\/","name":"Flutlicht","description":"PR-Agentur f\u00fcr Technologie IT TK UE in N\u00fcrnberg + M\u00fcnchen - Flutlicht","potentialAction":[{"@type":"SearchAction","target":{"@type":"EntryPoint","urlTemplate":"https:\/\/www.flutlicht.biz\/?s={search_term_string}"},"query-input":{"@type":"PropertyValueSpecification","valueRequired":true,"valueName":"search_term_string"}}],"inLanguage":"en-US"}]}},"_links":{"self":[{"href":"https:\/\/www.flutlicht.biz\/en\/wp-json\/wp\/v2\/pages\/5645","targetHints":{"allow":["GET"]}}],"collection":[{"href":"https:\/\/www.flutlicht.biz\/en\/wp-json\/wp\/v2\/pages"}],"about":[{"href":"https:\/\/www.flutlicht.biz\/en\/wp-json\/wp\/v2\/types\/page"}],"author":[{"embeddable":true,"href":"https:\/\/www.flutlicht.biz\/en\/wp-json\/wp\/v2\/users\/21"}],"replies":[{"embeddable":true,"href":"https:\/\/www.flutlicht.biz\/en\/wp-json\/wp\/v2\/comments?post=5645"}],"version-history":[{"count":8,"href":"https:\/\/www.flutlicht.biz\/en\/wp-json\/wp\/v2\/pages\/5645\/revisions"}],"predecessor-version":[{"id":16033,"href":"https:\/\/www.flutlicht.biz\/en\/wp-json\/wp\/v2\/pages\/5645\/revisions\/16033"}],"up":[{"embeddable":true,"href":"https:\/\/www.flutlicht.biz\/en\/wp-json\/wp\/v2\/pages\/5610"}],"wp:featuredmedia":[{"embeddable":true,"href":"https:\/\/www.flutlicht.biz\/en\/wp-json\/wp\/v2\/media\/13411"}],"wp:attachment":[{"href":"https:\/\/www.flutlicht.biz\/en\/wp-json\/wp\/v2\/media?parent=5645"}],"curies":[{"name":"wp","href":"https:\/\/api.w.org\/{rel}","templated":true}]}}