{"id":5613,"date":"2013-12-19T13:58:05","date_gmt":"2013-12-19T13:58:05","guid":{"rendered":"https:\/\/www.flutlicht.biz\/en\/agency\/agency-relationships\/"},"modified":"2024-09-03T12:24:52","modified_gmt":"2024-09-03T12:24:52","slug":"agency-relationships","status":"publish","type":"page","link":"https:\/\/www.flutlicht.biz\/en\/agency\/agency-relationships\/","title":{"rendered":"WORKING TOGETHER"},"content":{"rendered":"<h2>WORKING WITH OUR PR AGENCY<\/h2>\n<blockquote class=\"strongblockquote\"><p><strong>We are convinced that the <a href=\"https:\/\/www.flutlicht.biz\/en\/agency\/aspiration\/\">quality<\/a> of our relationships with colleagues, clients, business partners and media representatives, along with widespread communication expertise and service quality, is crucial to our <a href=\"https:\/\/datenbanken.pr-journal.de\/pr-agenturrankings\/pfeffers-pr-ranking.html?view=ranking&amp;layout=detail&amp;type=110\" target=\"_blank\" rel=\"noopener noreferrer\">long-term success as a PR agency<\/a>. Mutual respect, trust, reliability, integrity and fairness characterise life at our agency and working with <a href=\"https:\/\/www.flutlicht.biz\/en\/\">our PR agency<\/a>. They are a requirement for us and guarantee respectful long-term collaboration both internally and externally.<span class=\"Apple-converted-space\">\u00a0<\/span><\/strong><\/p><\/blockquote>\n<p><a class=\"wp-attachment-link\" href=\"https:\/\/www.flutlicht.biz\/wp-content\/uploads\/2013\/09\/beziehungen-agenturleben-flutlicht.jpg\"><img decoding=\"async\" class=\"alignnone wp-image-13499\" src=\"https:\/\/www.flutlicht.biz\/wp-content\/uploads\/2013\/09\/beziehungen-agenturleben-flutlicht.jpg\" alt=\"Beziehungen Agenturleben Kollegen Kaffeepause Pause Flutlicht\" width=\"1080\" height=\"720\" srcset=\"https:\/\/www.flutlicht.biz\/wp-content\/uploads\/2013\/09\/beziehungen-agenturleben-flutlicht.jpg 540w, https:\/\/www.flutlicht.biz\/wp-content\/uploads\/2013\/09\/beziehungen-agenturleben-flutlicht-300x200.jpg 300w\" sizes=\"(max-width: 1080px) 100vw, 1080px\" \/><\/a><\/p>\n<h3>WHY IS TEAM SPIRIT SO IMPORTANT TO US?<\/h3>\n<p>Our work requires plenty of identification, dedication, flexibility and endurance. We are passionate consultants and service providers &#8211; Flutlicht clients can always fully rely on us. We are external team support, daily sparring partners and firefighters when it is needed most. With conviction and complete dedication. To fulfil this role to a high standard, we attach greatest importance to a <a href=\"https:\/\/www.flutlicht.biz\/en\/agency\/team\/\">strong team spirit<\/a>. Not only between Flutlicht employees but also with our customers and <a href=\"https:\/\/www.flutlicht.biz\/en\/agency\/partners\/\">partners<\/a>.<span class=\"Apple-converted-space\">\u00a0<\/span><\/p>\n<h3>WHAT MAKES US SPECIAL AS A PR AGENCY?<\/h3>\n<p>We love our agency life and are proud of <a href=\"https:\/\/www.flutlicht.biz\/en\/references\/\">our clients<\/a> and our business success. Sales and image-boosting brand names at any cost are not our thing, however. We place far more value on long-term relationships and high-level communications work, paired with a mutual respectful and pleasant collaboration. This includes the right <strong>chemistry<\/strong>, <strong>team spirit<\/strong> and trusting partnership on <strong>eye-level<\/strong>.<span class=\"Apple-converted-space\">\u00a0<\/span><\/p>\n<p>We never lose sight of an objective &#8211; and sometimes critical &#8211; external perspective. In case a potential client is simply looking for a pure fulfilment centre we might not be the right choice. However, if you are looking for a reliable and strategic sparring partner who is proactive and constantly thinks along<span class=\"Apple-converted-space\">\u00a0<\/span>then we might just be <a href=\"https:\/\/www.flutlicht.biz\/en\/agency\/agency-profile\/\">the perfect agency for you<\/a>.<span class=\"Apple-converted-space\">\u00a0<\/span><\/p>\n","protected":false},"excerpt":{"rendered":"<p>WORKING WITH OUR PR AGENCY We are convinced that the quality of our relationships with colleagues, clients,&#8230;<\/p>\n","protected":false},"author":21,"featured_media":13499,"parent":5610,"menu_order":2,"comment_status":"open","ping_status":"closed","template":"template-fullwidth.php","meta":{"_acf_changed":false,"footnotes":""},"class_list":["post-5613","page","type-page","status-publish","has-post-thumbnail","hentry"],"acf":[],"yoast_head":"<!-- This site is optimized with the Yoast SEO plugin v24.3 - https:\/\/yoast.com\/wordpress\/plugins\/seo\/ -->\n<title>Cooperation and working with a PR Agency - why us - flutlicht<\/title>\n<meta name=\"description\" content=\"Working with a PR Agency: Mutual respect, trust, reliability, integrity and fairness characterise life at our agency and our relationships.\" \/>\n<meta name=\"robots\" content=\"index, follow, max-snippet:-1, max-image-preview:large, max-video-preview:-1\" \/>\n<link rel=\"canonical\" href=\"https:\/\/www.flutlicht.biz\/en\/agency\/agency-relationships\/\" \/>\n<meta property=\"og:locale\" content=\"en_US\" \/>\n<meta property=\"og:type\" content=\"article\" \/>\n<meta property=\"og:title\" content=\"Cooperation and working with a PR Agency - why us - flutlicht\" \/>\n<meta property=\"og:description\" content=\"Working with a PR Agency: Mutual respect, trust, reliability, integrity and fairness characterise life at our agency and our relationships.\" \/>\n<meta property=\"og:url\" content=\"https:\/\/www.flutlicht.biz\/en\/agency\/agency-relationships\/\" \/>\n<meta property=\"og:site_name\" content=\"Flutlicht\" \/>\n<meta property=\"article:publisher\" content=\"https:\/\/www.facebook.com\/FlutlichtPR\/\" \/>\n<meta property=\"article:modified_time\" content=\"2024-09-03T12:24:52+00:00\" \/>\n<meta property=\"og:image\" content=\"https:\/\/www.flutlicht.biz\/wp-content\/uploads\/2013\/09\/beziehungen-agenturleben-flutlicht.jpg\" \/>\n\t<meta property=\"og:image:width\" content=\"540\" \/>\n\t<meta property=\"og:image:height\" content=\"360\" \/>\n\t<meta property=\"og:image:type\" content=\"image\/jpeg\" \/>\n<meta name=\"twitter:card\" content=\"summary_large_image\" \/>\n<meta name=\"twitter:site\" content=\"@FlutlichtPR\" \/>\n<meta name=\"twitter:label1\" content=\"Est. reading time\" \/>\n\t<meta name=\"twitter:data1\" content=\"2 minutes\" \/>\n<script type=\"application\/ld+json\" class=\"yoast-schema-graph\">{\"@context\":\"https:\/\/schema.org\",\"@graph\":[{\"@type\":\"WebPage\",\"@id\":\"https:\/\/www.flutlicht.biz\/en\/agency\/agency-relationships\/\",\"url\":\"https:\/\/www.flutlicht.biz\/en\/agency\/agency-relationships\/\",\"name\":\"Cooperation and working with a PR Agency - why us - flutlicht\",\"isPartOf\":{\"@id\":\"https:\/\/www.flutlicht.biz\/#website\"},\"primaryImageOfPage\":{\"@id\":\"https:\/\/www.flutlicht.biz\/en\/agency\/agency-relationships\/#primaryimage\"},\"image\":{\"@id\":\"https:\/\/www.flutlicht.biz\/en\/agency\/agency-relationships\/#primaryimage\"},\"thumbnailUrl\":\"https:\/\/www.flutlicht.biz\/wp-content\/uploads\/2013\/09\/beziehungen-agenturleben-flutlicht.jpg\",\"datePublished\":\"2013-12-19T13:58:05+00:00\",\"dateModified\":\"2024-09-03T12:24:52+00:00\",\"description\":\"Working with a PR Agency: Mutual respect, trust, reliability, integrity and fairness characterise life at our agency and our relationships.\",\"breadcrumb\":{\"@id\":\"https:\/\/www.flutlicht.biz\/en\/agency\/agency-relationships\/#breadcrumb\"},\"inLanguage\":\"en-US\",\"potentialAction\":[{\"@type\":\"ReadAction\",\"target\":[\"https:\/\/www.flutlicht.biz\/en\/agency\/agency-relationships\/\"]}]},{\"@type\":\"ImageObject\",\"inLanguage\":\"en-US\",\"@id\":\"https:\/\/www.flutlicht.biz\/en\/agency\/agency-relationships\/#primaryimage\",\"url\":\"https:\/\/www.flutlicht.biz\/wp-content\/uploads\/2013\/09\/beziehungen-agenturleben-flutlicht.jpg\",\"contentUrl\":\"https:\/\/www.flutlicht.biz\/wp-content\/uploads\/2013\/09\/beziehungen-agenturleben-flutlicht.jpg\",\"width\":540,\"height\":360,\"caption\":\"Beziehungen Agenturleben Kollegen Kaffeepause Pause Flutlicht\"},{\"@type\":\"BreadcrumbList\",\"@id\":\"https:\/\/www.flutlicht.biz\/en\/agency\/agency-relationships\/#breadcrumb\",\"itemListElement\":[{\"@type\":\"ListItem\",\"position\":1,\"name\":\"Agency\",\"item\":\"https:\/\/www.flutlicht.biz\/en\/agency\/\"},{\"@type\":\"ListItem\",\"position\":2,\"name\":\"WORKING TOGETHER\"}]},{\"@type\":\"WebSite\",\"@id\":\"https:\/\/www.flutlicht.biz\/#website\",\"url\":\"https:\/\/www.flutlicht.biz\/\",\"name\":\"Flutlicht\",\"description\":\"PR-Agentur f\u00fcr Technologie IT TK UE in N\u00fcrnberg + M\u00fcnchen - Flutlicht\",\"potentialAction\":[{\"@type\":\"SearchAction\",\"target\":{\"@type\":\"EntryPoint\",\"urlTemplate\":\"https:\/\/www.flutlicht.biz\/?s={search_term_string}\"},\"query-input\":{\"@type\":\"PropertyValueSpecification\",\"valueRequired\":true,\"valueName\":\"search_term_string\"}}],\"inLanguage\":\"en-US\"}]}<\/script>\n<!-- \/ Yoast SEO plugin. -->","yoast_head_json":{"title":"Cooperation and working with a PR Agency - why us - flutlicht","description":"Working with a PR Agency: Mutual respect, trust, reliability, integrity and fairness characterise life at our agency and our relationships.","robots":{"index":"index","follow":"follow","max-snippet":"max-snippet:-1","max-image-preview":"max-image-preview:large","max-video-preview":"max-video-preview:-1"},"canonical":"https:\/\/www.flutlicht.biz\/en\/agency\/agency-relationships\/","og_locale":"en_US","og_type":"article","og_title":"Cooperation and working with a PR Agency - why us - flutlicht","og_description":"Working with a PR Agency: Mutual respect, trust, reliability, integrity and fairness characterise life at our agency and our relationships.","og_url":"https:\/\/www.flutlicht.biz\/en\/agency\/agency-relationships\/","og_site_name":"Flutlicht","article_publisher":"https:\/\/www.facebook.com\/FlutlichtPR\/","article_modified_time":"2024-09-03T12:24:52+00:00","og_image":[{"width":540,"height":360,"url":"https:\/\/www.flutlicht.biz\/wp-content\/uploads\/2013\/09\/beziehungen-agenturleben-flutlicht.jpg","type":"image\/jpeg"}],"twitter_card":"summary_large_image","twitter_site":"@FlutlichtPR","twitter_misc":{"Est. reading time":"2 minutes"},"schema":{"@context":"https:\/\/schema.org","@graph":[{"@type":"WebPage","@id":"https:\/\/www.flutlicht.biz\/en\/agency\/agency-relationships\/","url":"https:\/\/www.flutlicht.biz\/en\/agency\/agency-relationships\/","name":"Cooperation and working with a PR Agency - why us - flutlicht","isPartOf":{"@id":"https:\/\/www.flutlicht.biz\/#website"},"primaryImageOfPage":{"@id":"https:\/\/www.flutlicht.biz\/en\/agency\/agency-relationships\/#primaryimage"},"image":{"@id":"https:\/\/www.flutlicht.biz\/en\/agency\/agency-relationships\/#primaryimage"},"thumbnailUrl":"https:\/\/www.flutlicht.biz\/wp-content\/uploads\/2013\/09\/beziehungen-agenturleben-flutlicht.jpg","datePublished":"2013-12-19T13:58:05+00:00","dateModified":"2024-09-03T12:24:52+00:00","description":"Working with a PR Agency: Mutual respect, trust, reliability, integrity and fairness characterise life at our agency and our relationships.","breadcrumb":{"@id":"https:\/\/www.flutlicht.biz\/en\/agency\/agency-relationships\/#breadcrumb"},"inLanguage":"en-US","potentialAction":[{"@type":"ReadAction","target":["https:\/\/www.flutlicht.biz\/en\/agency\/agency-relationships\/"]}]},{"@type":"ImageObject","inLanguage":"en-US","@id":"https:\/\/www.flutlicht.biz\/en\/agency\/agency-relationships\/#primaryimage","url":"https:\/\/www.flutlicht.biz\/wp-content\/uploads\/2013\/09\/beziehungen-agenturleben-flutlicht.jpg","contentUrl":"https:\/\/www.flutlicht.biz\/wp-content\/uploads\/2013\/09\/beziehungen-agenturleben-flutlicht.jpg","width":540,"height":360,"caption":"Beziehungen Agenturleben Kollegen Kaffeepause Pause Flutlicht"},{"@type":"BreadcrumbList","@id":"https:\/\/www.flutlicht.biz\/en\/agency\/agency-relationships\/#breadcrumb","itemListElement":[{"@type":"ListItem","position":1,"name":"Agency","item":"https:\/\/www.flutlicht.biz\/en\/agency\/"},{"@type":"ListItem","position":2,"name":"WORKING TOGETHER"}]},{"@type":"WebSite","@id":"https:\/\/www.flutlicht.biz\/#website","url":"https:\/\/www.flutlicht.biz\/","name":"Flutlicht","description":"PR-Agentur f\u00fcr Technologie IT TK UE in N\u00fcrnberg + M\u00fcnchen - Flutlicht","potentialAction":[{"@type":"SearchAction","target":{"@type":"EntryPoint","urlTemplate":"https:\/\/www.flutlicht.biz\/?s={search_term_string}"},"query-input":{"@type":"PropertyValueSpecification","valueRequired":true,"valueName":"search_term_string"}}],"inLanguage":"en-US"}]}},"_links":{"self":[{"href":"https:\/\/www.flutlicht.biz\/en\/wp-json\/wp\/v2\/pages\/5613","targetHints":{"allow":["GET"]}}],"collection":[{"href":"https:\/\/www.flutlicht.biz\/en\/wp-json\/wp\/v2\/pages"}],"about":[{"href":"https:\/\/www.flutlicht.biz\/en\/wp-json\/wp\/v2\/types\/page"}],"author":[{"embeddable":true,"href":"https:\/\/www.flutlicht.biz\/en\/wp-json\/wp\/v2\/users\/21"}],"replies":[{"embeddable":true,"href":"https:\/\/www.flutlicht.biz\/en\/wp-json\/wp\/v2\/comments?post=5613"}],"version-history":[{"count":25,"href":"https:\/\/www.flutlicht.biz\/en\/wp-json\/wp\/v2\/pages\/5613\/revisions"}],"predecessor-version":[{"id":21791,"href":"https:\/\/www.flutlicht.biz\/en\/wp-json\/wp\/v2\/pages\/5613\/revisions\/21791"}],"up":[{"embeddable":true,"href":"https:\/\/www.flutlicht.biz\/en\/wp-json\/wp\/v2\/pages\/5610"}],"wp:featuredmedia":[{"embeddable":true,"href":"https:\/\/www.flutlicht.biz\/en\/wp-json\/wp\/v2\/media\/13499"}],"wp:attachment":[{"href":"https:\/\/www.flutlicht.biz\/en\/wp-json\/wp\/v2\/media?parent=5613"}],"curies":[{"name":"wp","href":"https:\/\/api.w.org\/{rel}","templated":true}]}}