{"id":5604,"date":"2013-12-19T13:41:00","date_gmt":"2013-12-19T13:41:00","guid":{"rendered":"https:\/\/www.flutlicht.biz\/en\/agency\/agency-profile\/"},"modified":"2026-04-01T07:44:01","modified_gmt":"2026-04-01T07:44:01","slug":"agency-profile","status":"publish","type":"page","link":"https:\/\/www.flutlicht.biz\/en\/agency\/agency-profile\/","title":{"rendered":"Agency Profile"},"content":{"rendered":"<h2>PR Consulting for Technology Companies<\/h2>\n<p><strong>Flutlicht is one of the leading <a href=\"http:\/\/datenbanken.pr-journal.de\/pr-agenturrankings\/pfeffers-pr-ranking.html?view=ranking&amp;layout=detail&amp;type=110\">German communications agencies for technology companies<\/a>. We focus on classic <a href=\"https:\/\/www.flutlicht.biz\/en\/services\/communicationconsulting\/\">PR consulting<\/a>, <a href=\"https:\/\/www.flutlicht.biz\/en\/services\/social-media-agency\/\">social media<\/a>, <a href=\"https:\/\/www.flutlicht.biz\/en\/services\/content-marketing-agency\/\">digital relations<\/a> and content marketing for middle-sized and large companies in the B2C and B2B sector. We support your corporate, product, and brand communications and provide a comprehensive spectrum of services for online and offline communications.<\/strong><\/p>\n<p><a class=\"wp-attachment-link\" href=\"https:\/\/www.flutlicht.biz\/wp-content\/uploads\/2013\/09\/flutlicht01-0472-3.jpg\"><img decoding=\"async\" class=\"alignnone wp-image-4819\" src=\"https:\/\/www.flutlicht.biz\/wp-content\/uploads\/2013\/09\/flutlicht01-0472-3-1024x705.jpg\" alt=\"flutlicht01-0472-3\" width=\"1080\" height=\"744\" srcset=\"https:\/\/www.flutlicht.biz\/wp-content\/uploads\/2013\/09\/flutlicht01-0472-3-1024x705.jpg 1024w, https:\/\/www.flutlicht.biz\/wp-content\/uploads\/2013\/09\/flutlicht01-0472-3-300x207.jpg 300w, https:\/\/www.flutlicht.biz\/wp-content\/uploads\/2013\/09\/flutlicht01-0472-3-768x529.jpg 768w, https:\/\/www.flutlicht.biz\/wp-content\/uploads\/2013\/09\/flutlicht01-0472-3-745x513.jpg 745w, https:\/\/www.flutlicht.biz\/wp-content\/uploads\/2013\/09\/flutlicht01-0472-3-833x574.jpg 833w\" sizes=\"(max-width: 1080px) 100vw, 1080px\" \/><\/a><\/p>\n<h3>Our Sectors<\/h3>\n<p>We feel at home wherever technology plays a major role. In our digitized world, this goes far beyond the classic area of information technology and telecommunications (ICT). Today technology is a core element of many industries outside the actual tech sector.<\/p>\n<p>We support you with our expertise and references (B2B &amp; B2C) among others &#8211; but not exclusively &#8211; in the following industries:<\/p>\n<ul style=\"list-style-type: square;\">\n<li>Information technology (hardware, software, services)<\/li>\n<li>Telecommunications (hardware, infrastructure, services)<\/li>\n<li>Consumer electronics (CE)<\/li>\n<li>E-commerce<\/li>\n<li>Industry, automation, engineering, electronics<\/li>\n<li>Automobile, Car-IT<\/li>\n<li>Digital health<\/li>\n<li>Financial technology (Fintec)<\/li>\n<li>Agriculture technology, Digital farming<\/li>\n<\/ul>\n<h3>Our Aspiration<\/h3>\n<ul style=\"list-style-type: square;\">\n<li>Top quality communication services<\/li>\n<li>Successful long-term <a href=\"https:\/\/www.flutlicht.biz\/en\/agency\/agency-relationships\/\">relationships<\/a><\/li>\n<li>Senior consultancy in every client team<\/li>\n<li>Collaboration at eye level<\/li>\n<\/ul>\n<h3>Our Maxim: Illuminate, don\u2019t dazzle<\/h3>\n<p>Our motto follows the name of our company itself.<span class=\"Apple-converted-space\">\u00a0 <\/span>We place companies, brands and products in the right light and raise awareness within the relevant target groups. Credibility, transparency and authenticity are our main priorities. We promise <a href=\"https:\/\/www.flutlicht.biz\/en\/agency\/aspiration\/\">top quality<\/a>, but no communication miracles. We develop stories, not fairy tales. Exaggerations, whitewashing or soap bubbles? Not with us. Illuminate, don&#8217;t bedazzle! That&#8217;s what <a href=\"https:\/\/www.flutlicht.biz\/en\/\">Flutlicht<\/a> stands for.<\/p>\n<ul style=\"list-style-type: square;\">\n<li>We only take on what we are able to achieve.<span class=\"Apple-converted-space\">\u00a0<\/span><\/li>\n<li>We do not sell anything unless we are convinced ourselves.<span class=\"Apple-converted-space\">\u00a0<\/span><\/li>\n<li>We do not make promises we cannot keep.<\/li>\n<\/ul>\n<h3>Our Values<\/h3>\n<ul style=\"list-style-type: square;\">\n<li><strong>Integrity<\/strong><br \/>\nFairness, transparency and honesty are extremely important to us when dealing with colleagues and customers. Our claim is a respectful togetherness at eye level.<\/li>\n<li><strong>Professionalism<\/strong><br \/>\nFor us, modern communication and PR consulting, which takes into account all relevant communication disciplines and target groups, means high quality in every respect as well as the continuous development of our agency.<\/li>\n<li><strong>Commitment<\/strong><br \/>\nWe work independently and responsibly, are proactive, flexible, available, responsive and quick to implement.<\/li>\n<li><strong>Reliability<\/strong><br \/>\nWe keep our promises, take responsibility and are an absolutely reliable partner &#8211; for our colleagues as well as for clients or the media.<\/li>\n<li><strong>Team Spirit<\/strong><br \/>\nWe are mindful, helpful and loyal. Together we master the biggest challenges successfully. We never lose sight of the individual and the fun of our work.<\/li>\n<li><strong>Diversity and Integration<\/strong><br \/>\n<span data-contrast=\"none\">We value, encourage and facilitate our\u00a0<\/span><span data-contrast=\"none\">employees<\/span><span data-contrast=\"none\">.\u00a0<\/span><span data-contrast=\"none\">We\u00a0<\/span><span data-contrast=\"none\">maintain respectful relationships with\u00a0<\/span><span data-contrast=\"none\">each<\/span><span data-contrast=\"none\">\u00a0other and live an open corporate culture.\u00a0<\/span><span data-contrast=\"none\">Furthe<\/span><span data-contrast=\"none\">rmore, we<\/span><span data-contrast=\"none\">\u00a0understand diversity in gender, age, religion, sexual identity, culture and education as enrichment and added value for the agency and our range of services.\u00a0<\/span><span data-ccp-props=\"{&quot;201341983&quot;:0,&quot;335559739&quot;:300,&quot;335559740&quot;:240}\">\u00a0<\/span><\/li>\n<\/ul>\n<div id=\"attachment_18989\" style=\"width: 1090px\" class=\"wp-caption alignnone\"><a class=\"wp-attachment-link\" href=\"https:\/\/www.flutlicht.biz\/wp-content\/uploads\/2021\/11\/charta-der-vielfalt-logo-header.jpg\"><img decoding=\"async\" aria-describedby=\"caption-attachment-18989\" class=\"wp-image-18989\" src=\"https:\/\/www.flutlicht.biz\/wp-content\/uploads\/2021\/11\/charta-der-vielfalt-logo-header.jpg\" alt=\"Charta der Vielfalt, Logo\" width=\"1080\" height=\"720\" srcset=\"https:\/\/www.flutlicht.biz\/wp-content\/uploads\/2021\/11\/charta-der-vielfalt-logo-header.jpg 540w, https:\/\/www.flutlicht.biz\/wp-content\/uploads\/2021\/11\/charta-der-vielfalt-logo-header-300x200.jpg 300w\" sizes=\"(max-width: 1080px) 100vw, 1080px\" \/><\/a><\/p>\n<p id=\"caption-attachment-18989\" class=\"wp-caption-text\">Quelle: Charta der Vielfalt www.charta-der-vielfalt.de<\/p>\n<\/div>\n<h3>Flutlicht at a Glance<\/h3>\n<ul style=\"list-style-type: square;\">\n<li><a href=\"https:\/\/www.flutlicht.biz\/en\/agency\/agency-profile\/\">Owner-managed and independent PR agency for technology companies<\/a><\/li>\n<li>PR Consulting, Technology PR, Social Media, Digital Relations and Content Marketing\u00a0for B2B and B2C companies<\/li>\n<li>Industry spectrum (selection): IT, telecommunications, consumer electronics, mechatronics\/engineering, automation, \u00a0m2m\/embedded\/internet of things,\u00a0automotive, e-health<\/li>\n<li><a href=\"https:\/\/www.flutlicht.biz\/en\/agency\/team\/\">Team<\/a>: 20+ employees<\/li>\n<li>Location: Nuremberg and Munich<\/li>\n<li>Core markets: Germany, Austria, Switzerland<\/li>\n<li>International: Member of <a href=\"https:\/\/withglobalalliance.com\" target=\"_blank\" rel=\"noopener\">With Global Alliance<\/a><\/li>\n<li>Founded: 2003<\/li>\n<li>Co-Founders and Owners: <a href=\"https:\/\/www.linkedin.com\/in\/evafoehlinger\/\" target=\"_blank\" rel=\"noopener noreferrer\">Eva F\u00f6hlinger<\/a>, <a href=\"https:\/\/www.linkedin.com\/in\/stefan-koch-1aba5519\/\" target=\"_blank\" rel=\"noopener noreferrer\">Stefan Koch<\/a>, <a href=\"https:\/\/www.linkedin.com\/in\/oliverwohlers\/\">Oliver Wohlers<\/a><\/li>\n<li>Among the top German PR agencies specialized in technology &amp; digitalization (<a href=\"https:\/\/datenbanken.pr-journal.de\/pr-agenturrankings\/pfeffers-pr-ranking.html?view=ranking&amp;layout=detail&amp;type=119\" target=\"_blank\" rel=\"noopener\">Pfeffer\u00b4s PR\u00a0Ranking 2021<\/a>)<\/li>\n<li>Involvement: <a href=\"https:\/\/bvik.org\" target=\"_blank\" rel=\"noopener noreferrer\">Bundesverband Industrie Kommunikation e.V.<\/a>;\u00a0<a href=\"https:\/\/www.reporter-ohne-grenzen.de\" target=\"_blank\" rel=\"noopener\">Reporters without Borders,<\/a> <a href=\"https:\/\/www.charta-der-vielfalt.de\/en\/\" target=\"_blank\" rel=\"noopener\">Diversity Charta &amp; Association;<\/a>\u00a0<a href=\"https:\/\/www.eglcc.eu\/\" target=\"_blank\" rel=\"noopener\">EGLCC<\/a><\/li>\n<li><\/li>\n<\/ul>\n","protected":false},"excerpt":{"rendered":"<p>PR Consulting for Technology Companies Flutlicht is one of the leading German communications agencies for technology companies&#8230;.<\/p>\n","protected":false},"author":21,"featured_media":4819,"parent":5610,"menu_order":1,"comment_status":"open","ping_status":"closed","template":"template-fullwidth.php","meta":{"_acf_changed":false,"footnotes":""},"class_list":["post-5604","page","type-page","status-publish","has-post-thumbnail","hentry"],"acf":[],"yoast_head":"<!-- This site is optimized with the Yoast SEO plugin v24.3 - https:\/\/yoast.com\/wordpress\/plugins\/seo\/ -->\n<title>Communication and PR consulting for technology companies - flutlicht<\/title>\n<meta name=\"description\" content=\"PR consulting and classic PR, social media, digital relations and content marketing for middle-sized and large companies in the B2C and B2B sector.\" \/>\n<meta name=\"robots\" content=\"index, follow, max-snippet:-1, max-image-preview:large, max-video-preview:-1\" \/>\n<link rel=\"canonical\" href=\"https:\/\/www.flutlicht.biz\/en\/agency\/agency-profile\/\" \/>\n<meta property=\"og:locale\" content=\"en_US\" \/>\n<meta property=\"og:type\" content=\"article\" \/>\n<meta property=\"og:title\" content=\"Communication and PR consulting for technology companies - flutlicht\" \/>\n<meta property=\"og:description\" content=\"PR consulting and classic PR, social media, digital relations and content marketing for middle-sized and large companies in the B2C and B2B sector.\" \/>\n<meta property=\"og:url\" content=\"https:\/\/www.flutlicht.biz\/en\/agency\/agency-profile\/\" \/>\n<meta property=\"og:site_name\" content=\"Flutlicht\" \/>\n<meta property=\"article:publisher\" content=\"https:\/\/www.facebook.com\/FlutlichtPR\/\" \/>\n<meta property=\"article:modified_time\" content=\"2026-04-01T07:44:01+00:00\" \/>\n<meta property=\"og:image\" content=\"https:\/\/www.flutlicht.biz\/wp-content\/uploads\/2013\/09\/flutlicht01-0472-3-1024x705.jpg\" \/>\n\t<meta property=\"og:image:width\" content=\"1024\" \/>\n\t<meta property=\"og:image:height\" content=\"705\" \/>\n\t<meta property=\"og:image:type\" content=\"image\/jpeg\" \/>\n<meta name=\"twitter:card\" content=\"summary_large_image\" \/>\n<meta name=\"twitter:site\" content=\"@FlutlichtPR\" \/>\n<meta name=\"twitter:label1\" content=\"Est. reading time\" \/>\n\t<meta name=\"twitter:data1\" content=\"4 minutes\" \/>\n<script type=\"application\/ld+json\" class=\"yoast-schema-graph\">{\"@context\":\"https:\/\/schema.org\",\"@graph\":[{\"@type\":\"WebPage\",\"@id\":\"https:\/\/www.flutlicht.biz\/en\/agency\/agency-profile\/\",\"url\":\"https:\/\/www.flutlicht.biz\/en\/agency\/agency-profile\/\",\"name\":\"Communication and PR consulting for technology companies - flutlicht\",\"isPartOf\":{\"@id\":\"https:\/\/www.flutlicht.biz\/#website\"},\"primaryImageOfPage\":{\"@id\":\"https:\/\/www.flutlicht.biz\/en\/agency\/agency-profile\/#primaryimage\"},\"image\":{\"@id\":\"https:\/\/www.flutlicht.biz\/en\/agency\/agency-profile\/#primaryimage\"},\"thumbnailUrl\":\"https:\/\/www.flutlicht.biz\/wp-content\/uploads\/2013\/09\/flutlicht01-0472-3.jpg\",\"datePublished\":\"2013-12-19T13:41:00+00:00\",\"dateModified\":\"2026-04-01T07:44:01+00:00\",\"description\":\"PR consulting and classic PR, social media, digital relations and content marketing for middle-sized and large companies in the B2C and B2B sector.\",\"breadcrumb\":{\"@id\":\"https:\/\/www.flutlicht.biz\/en\/agency\/agency-profile\/#breadcrumb\"},\"inLanguage\":\"en-US\",\"potentialAction\":[{\"@type\":\"ReadAction\",\"target\":[\"https:\/\/www.flutlicht.biz\/en\/agency\/agency-profile\/\"]}]},{\"@type\":\"ImageObject\",\"inLanguage\":\"en-US\",\"@id\":\"https:\/\/www.flutlicht.biz\/en\/agency\/agency-profile\/#primaryimage\",\"url\":\"https:\/\/www.flutlicht.biz\/wp-content\/uploads\/2013\/09\/flutlicht01-0472-3.jpg\",\"contentUrl\":\"https:\/\/www.flutlicht.biz\/wp-content\/uploads\/2013\/09\/flutlicht01-0472-3.jpg\",\"width\":5436,\"height\":3744},{\"@type\":\"BreadcrumbList\",\"@id\":\"https:\/\/www.flutlicht.biz\/en\/agency\/agency-profile\/#breadcrumb\",\"itemListElement\":[{\"@type\":\"ListItem\",\"position\":1,\"name\":\"Agency\",\"item\":\"https:\/\/www.flutlicht.biz\/en\/agency\/\"},{\"@type\":\"ListItem\",\"position\":2,\"name\":\"Agency Profile\"}]},{\"@type\":\"WebSite\",\"@id\":\"https:\/\/www.flutlicht.biz\/#website\",\"url\":\"https:\/\/www.flutlicht.biz\/\",\"name\":\"Flutlicht\",\"description\":\"PR-Agentur f\u00fcr Technologie IT TK UE in N\u00fcrnberg + M\u00fcnchen - Flutlicht\",\"potentialAction\":[{\"@type\":\"SearchAction\",\"target\":{\"@type\":\"EntryPoint\",\"urlTemplate\":\"https:\/\/www.flutlicht.biz\/?s={search_term_string}\"},\"query-input\":{\"@type\":\"PropertyValueSpecification\",\"valueRequired\":true,\"valueName\":\"search_term_string\"}}],\"inLanguage\":\"en-US\"}]}<\/script>\n<!-- \/ Yoast SEO plugin. -->","yoast_head_json":{"title":"Communication and PR consulting for technology companies - flutlicht","description":"PR consulting and classic PR, social media, digital relations and content marketing for middle-sized and large companies in the B2C and B2B sector.","robots":{"index":"index","follow":"follow","max-snippet":"max-snippet:-1","max-image-preview":"max-image-preview:large","max-video-preview":"max-video-preview:-1"},"canonical":"https:\/\/www.flutlicht.biz\/en\/agency\/agency-profile\/","og_locale":"en_US","og_type":"article","og_title":"Communication and PR consulting for technology companies - flutlicht","og_description":"PR consulting and classic PR, social media, digital relations and content marketing for middle-sized and large companies in the B2C and B2B sector.","og_url":"https:\/\/www.flutlicht.biz\/en\/agency\/agency-profile\/","og_site_name":"Flutlicht","article_publisher":"https:\/\/www.facebook.com\/FlutlichtPR\/","article_modified_time":"2026-04-01T07:44:01+00:00","og_image":[{"width":1024,"height":705,"url":"https:\/\/www.flutlicht.biz\/wp-content\/uploads\/2013\/09\/flutlicht01-0472-3-1024x705.jpg","type":"image\/jpeg"}],"twitter_card":"summary_large_image","twitter_site":"@FlutlichtPR","twitter_misc":{"Est. reading time":"4 minutes"},"schema":{"@context":"https:\/\/schema.org","@graph":[{"@type":"WebPage","@id":"https:\/\/www.flutlicht.biz\/en\/agency\/agency-profile\/","url":"https:\/\/www.flutlicht.biz\/en\/agency\/agency-profile\/","name":"Communication and PR consulting for technology companies - flutlicht","isPartOf":{"@id":"https:\/\/www.flutlicht.biz\/#website"},"primaryImageOfPage":{"@id":"https:\/\/www.flutlicht.biz\/en\/agency\/agency-profile\/#primaryimage"},"image":{"@id":"https:\/\/www.flutlicht.biz\/en\/agency\/agency-profile\/#primaryimage"},"thumbnailUrl":"https:\/\/www.flutlicht.biz\/wp-content\/uploads\/2013\/09\/flutlicht01-0472-3.jpg","datePublished":"2013-12-19T13:41:00+00:00","dateModified":"2026-04-01T07:44:01+00:00","description":"PR consulting and classic PR, social media, digital relations and content marketing for middle-sized and large companies in the B2C and B2B sector.","breadcrumb":{"@id":"https:\/\/www.flutlicht.biz\/en\/agency\/agency-profile\/#breadcrumb"},"inLanguage":"en-US","potentialAction":[{"@type":"ReadAction","target":["https:\/\/www.flutlicht.biz\/en\/agency\/agency-profile\/"]}]},{"@type":"ImageObject","inLanguage":"en-US","@id":"https:\/\/www.flutlicht.biz\/en\/agency\/agency-profile\/#primaryimage","url":"https:\/\/www.flutlicht.biz\/wp-content\/uploads\/2013\/09\/flutlicht01-0472-3.jpg","contentUrl":"https:\/\/www.flutlicht.biz\/wp-content\/uploads\/2013\/09\/flutlicht01-0472-3.jpg","width":5436,"height":3744},{"@type":"BreadcrumbList","@id":"https:\/\/www.flutlicht.biz\/en\/agency\/agency-profile\/#breadcrumb","itemListElement":[{"@type":"ListItem","position":1,"name":"Agency","item":"https:\/\/www.flutlicht.biz\/en\/agency\/"},{"@type":"ListItem","position":2,"name":"Agency Profile"}]},{"@type":"WebSite","@id":"https:\/\/www.flutlicht.biz\/#website","url":"https:\/\/www.flutlicht.biz\/","name":"Flutlicht","description":"PR-Agentur f\u00fcr Technologie IT TK UE in N\u00fcrnberg + M\u00fcnchen - Flutlicht","potentialAction":[{"@type":"SearchAction","target":{"@type":"EntryPoint","urlTemplate":"https:\/\/www.flutlicht.biz\/?s={search_term_string}"},"query-input":{"@type":"PropertyValueSpecification","valueRequired":true,"valueName":"search_term_string"}}],"inLanguage":"en-US"}]}},"_links":{"self":[{"href":"https:\/\/www.flutlicht.biz\/en\/wp-json\/wp\/v2\/pages\/5604","targetHints":{"allow":["GET"]}}],"collection":[{"href":"https:\/\/www.flutlicht.biz\/en\/wp-json\/wp\/v2\/pages"}],"about":[{"href":"https:\/\/www.flutlicht.biz\/en\/wp-json\/wp\/v2\/types\/page"}],"author":[{"embeddable":true,"href":"https:\/\/www.flutlicht.biz\/en\/wp-json\/wp\/v2\/users\/21"}],"replies":[{"embeddable":true,"href":"https:\/\/www.flutlicht.biz\/en\/wp-json\/wp\/v2\/comments?post=5604"}],"version-history":[{"count":66,"href":"https:\/\/www.flutlicht.biz\/en\/wp-json\/wp\/v2\/pages\/5604\/revisions"}],"predecessor-version":[{"id":23381,"href":"https:\/\/www.flutlicht.biz\/en\/wp-json\/wp\/v2\/pages\/5604\/revisions\/23381"}],"up":[{"embeddable":true,"href":"https:\/\/www.flutlicht.biz\/en\/wp-json\/wp\/v2\/pages\/5610"}],"wp:featuredmedia":[{"embeddable":true,"href":"https:\/\/www.flutlicht.biz\/en\/wp-json\/wp\/v2\/media\/4819"}],"wp:attachment":[{"href":"https:\/\/www.flutlicht.biz\/en\/wp-json\/wp\/v2\/media?parent=5604"}],"curies":[{"name":"wp","href":"https:\/\/api.w.org\/{rel}","templated":true}]}}