{"id":22885,"date":"2025-10-16T13:34:03","date_gmt":"2025-10-16T13:34:03","guid":{"rendered":"https:\/\/www.flutlicht.biz\/en\/services\/ai-services\/"},"modified":"2025-10-16T14:05:52","modified_gmt":"2025-10-16T14:05:52","slug":"ai-services","status":"publish","type":"page","link":"https:\/\/www.flutlicht.biz\/en\/services\/ai-services\/","title":{"rendered":"AI Services"},"content":{"rendered":"<h2>AI CONSULTING, SERVICES, AND AI TRAINING FOR COMMUNICATIONS AND PR TEAMS<span class=\"Apple-converted-space\">\u00a0<\/span><\/h2>\n<blockquote class=\"strongblockquote\"><p>The use of artificial intelligence (AI) in communication is standard practice today. But not all PR teams are ready for it yet.<\/p>\n<ul style=\"list-style-type: square;\">\n<li><strong>Are you planning to use AI in your communication work and looking for an experienced sparring partner for AI consulting?<\/strong><\/li>\n<li><strong>Do you want to make your PR ready for AI use and know that the clock is ticking?<\/strong><\/li>\n<li><strong>Does your team use ChatGPT, Claude, Gemini, or Perplexity occasionally \u2014 without a strategy or guidelines?<\/strong><\/li>\n<li><strong>Does your competition show up in AI responses\u2014but you don&#8217;t?<\/strong><\/li>\n<\/ul>\n<p>We can change that! Whether you&#8217;re new to AI or an advanced user, we&#8217;ll guide you from the status quo to professional AI implementation. We identify specific use cases and suitable tools for your communication tasks, address potential risks, create binding guidelines for AI in communication, and remove obstacles. Our goal is that even the skeptics in your company become convinced, responsible AI users.<\/p><\/blockquote>\n<p><a class=\"wp-attachment-link\" href=\"https:\/\/www.flutlicht.biz\/wp-content\/uploads\/2013\/09\/ki-beratung-flutlicht-agentur-leistungen.png\"><img decoding=\"async\" class=\"alignnone wp-image-22666 size-full\" src=\"https:\/\/www.flutlicht.biz\/wp-content\/uploads\/2013\/09\/ki-beratung-flutlicht-agentur-leistungen.png\" alt=\"\" width=\"1080\" height=\"720\" srcset=\"https:\/\/www.flutlicht.biz\/wp-content\/uploads\/2013\/09\/ki-beratung-flutlicht-agentur-leistungen.png 1080w, https:\/\/www.flutlicht.biz\/wp-content\/uploads\/2013\/09\/ki-beratung-flutlicht-agentur-leistungen-300x200.png 300w, https:\/\/www.flutlicht.biz\/wp-content\/uploads\/2013\/09\/ki-beratung-flutlicht-agentur-leistungen-1024x683.png 1024w, https:\/\/www.flutlicht.biz\/wp-content\/uploads\/2013\/09\/ki-beratung-flutlicht-agentur-leistungen-768x512.png 768w, https:\/\/www.flutlicht.biz\/wp-content\/uploads\/2013\/09\/ki-beratung-flutlicht-agentur-leistungen-745x497.png 745w, https:\/\/www.flutlicht.biz\/wp-content\/uploads\/2013\/09\/ki-beratung-flutlicht-agentur-leistungen-861x574.png 861w\" sizes=\"(max-width: 1080px) 100vw, 1080px\" \/><\/a><\/p>\n<h2>WHY CHOOSE FLUTLICHT AS YOUR AI Services PARTNER?<\/h2>\n<p>20+ years of communications expertise meets several years of AI practice: We think in an integrated way, have always successfully utilized synergies between different communications disciplines, and are constantly evolving. Since the launch of ChatGPT at the end of 2022, we have been using GenAI in client projects. Depending on the requirements, different models and our own in-house developed tools support us in our day-to-day agency work, including:<\/p>\n<ul style=\"list-style-type: square;\">\n<li>Real-time topic radar for trending topics<span class=\"Apple-converted-space\">\u00a0<\/span><\/li>\n<li>Competitor monitoring and reporting<\/li>\n<li>Agenda setting, agenda surfing, and news jacking<\/li>\n<li>Content creation<\/li>\n<li>Target group optimization<\/li>\n<li>Content optimization for AI \u2013 for AI systems to find your content (LLMO, Large Language Model Optimization; GAIO, Generative AI Optimization)<\/li>\n<li>Visualizations<\/li>\n<\/ul>\n<h2>HOW CAN FLUTLICHT SUPPORT YOU WITH AI IN CORPORATE COMMUNICATION?<\/h2>\n<p>We make AI tangible as your partner for analysis, tool selection, process design, and strategy\u2014all from a single source. Our approach is structured into three phases:<\/p>\n<ol>\n<li>Analysis: What is your status quo, your requirements, and your AI potential?<\/li>\n<li>Implementation: Introduce tools, establish processes, develop guidelines!<\/li>\n<li>Enablement: Train teams, make adjustments, measure success!<\/li>\n<\/ol>\n<p>In doing so, we pay attention to existing conditions and available resources and take care not to overwhelm your organization and employees.<\/p>\n<p>In addition, we use our expertise and experience in PR and SEO to make your corporate content as visible as possible in the results of generative AI (GAIO).<\/p>\n<h2>AI TRAINING: SUCCESS WITH AI DEPENDS ON YOUR TEAM<\/h2>\n<p>Openness and cooperation among various internal stakeholders are critical to the successful introduction and responsible use of AI tools. We create company-specific AI guidelines and promote their successful implementation with appropriate content and formats. With tailor-made AI training courses, we get your existing team up to speed, provide individual further training, and also assist with the AI onboarding of new colleagues.<\/p>\n<p>Our AI training courses transform hesitations into enthusiasm and ensure motivated and responsible employees:<\/p>\n<ul style=\"list-style-type: square;\">\n<li>AI boot camp for beginners<\/li>\n<li>Prompt engineering<\/li>\n<li>Content creation and optimization<\/li>\n<li>How-to: Visibility in AI results<\/li>\n<\/ul>\n<h2>SERVICES: AI CONSULTING<\/h2>\n<ul style=\"list-style-type: square;\">\n<li><strong>Consulting, strategy &amp; conception<\/strong>: Determining the status quo\/AI readiness, AI audit (AI mindset, knowledge level, skills, usage, goals &amp; stakeholders); analyzing needs, define goals, potential use areas &amp; suitable tools, establish processes, set timing;<br \/>\nGoals: Sensible, targeted use of AI tools; avoid rushed action; increase efficiency and productivity; handle routine tasks with the help of AI.<\/li>\n<li><strong>Change communication during AI implementation<\/strong>: Creating topics, messaging, and communication roadmap for all relevant stakeholders;<br \/>\nGoals: Reducing fears and concerns; overcoming resistance; winning advocates; promoting participation<\/li>\n<li><strong>Creating AI guidelines<\/strong>: Orientation &amp; binding dos and don&#8217;ts for internal stakeholders;<br \/>\nGoals: Avoid \u201cAI proliferation\u201d; responsible, legally compliant use of AI; keep employees informed and at the same knowledge level<\/li>\n<li><strong>Content optimization for AI results<\/strong>: Development of content strategies with a focus on PR, SEO, and GAIO; Prompt reputation checks;<br \/>\nGoal: Greater digital visibility in the age of artificial intelligence<\/li>\n<li><strong>Knowledge transfer &amp; training for employees<\/strong>: Basic AI knowledge for beginners; AI tool training; Prompting tips for communication professionals; AI-supported content creation and optimization; Content optimization to increase AI visibility<br \/>\nGoal: Consistent development and expansion of AI expertise to use artificial intelligence safely and efficiently in everyday communications<\/li>\n<li><strong>Questions &amp; answers about your company&#8217;s use of AI<\/strong>: Creating customized Q&amp;As;<br \/>\nGoal: Transparent and consistent communication with your internal and external stakeholders<\/li>\n<\/ul>\n<p><span class=\"Apple-converted-space\">\u00a0<\/span><\/p>\n<p><strong>Get started with an AI readiness check! For a brief analysis of your status quo and initial recommendations, please contact us at AI@flutlicht.biz!<\/strong><\/p>\n","protected":false},"excerpt":{"rendered":"<p>AI CONSULTING, SERVICES, AND AI TRAINING FOR COMMUNICATIONS AND PR TEAMS\u00a0 The use of artificial intelligence (AI)&#8230;<\/p>\n","protected":false},"author":15,"featured_media":0,"parent":5662,"menu_order":0,"comment_status":"closed","ping_status":"closed","template":"template-fullwidth.php","meta":{"_acf_changed":false,"footnotes":""},"class_list":["post-22885","page","type-page","status-publish","hentry"],"acf":[],"yoast_head":"<!-- This site is optimized with the Yoast SEO plugin v24.3 - https:\/\/yoast.com\/wordpress\/plugins\/seo\/ -->\n<title>AI consulting and services for comms and PR teams | Flutlicht<\/title>\n<meta name=\"description\" content=\"You are looking for a sparring partner for AI consulting and services? Then you&#039;ve come to the right place.\" \/>\n<meta name=\"robots\" content=\"index, follow, max-snippet:-1, max-image-preview:large, max-video-preview:-1\" \/>\n<link rel=\"canonical\" href=\"https:\/\/www.flutlicht.biz\/en\/services\/ai-services\/\" \/>\n<meta property=\"og:locale\" content=\"en_US\" \/>\n<meta property=\"og:type\" content=\"article\" \/>\n<meta property=\"og:title\" content=\"AI consulting and services for comms and PR teams | Flutlicht\" \/>\n<meta property=\"og:description\" content=\"You are looking for a sparring partner for AI consulting and services? Then you&#039;ve come to the right place.\" \/>\n<meta property=\"og:url\" content=\"https:\/\/www.flutlicht.biz\/en\/services\/ai-services\/\" \/>\n<meta property=\"og:site_name\" content=\"Flutlicht\" \/>\n<meta property=\"article:publisher\" content=\"https:\/\/www.facebook.com\/FlutlichtPR\/\" \/>\n<meta property=\"article:modified_time\" content=\"2025-10-16T14:05:52+00:00\" \/>\n<meta property=\"og:image\" content=\"https:\/\/www.flutlicht.biz\/wp-content\/uploads\/2013\/09\/ki-beratung-flutlicht-agentur-leistungen.png\" \/>\n\t<meta property=\"og:image:width\" content=\"1080\" \/>\n\t<meta property=\"og:image:height\" content=\"720\" \/>\n\t<meta property=\"og:image:type\" content=\"image\/png\" \/>\n<meta name=\"twitter:card\" content=\"summary_large_image\" \/>\n<meta name=\"twitter:site\" content=\"@FlutlichtPR\" \/>\n<meta name=\"twitter:label1\" content=\"Est. reading time\" \/>\n\t<meta name=\"twitter:data1\" content=\"4 minutes\" \/>\n<script type=\"application\/ld+json\" class=\"yoast-schema-graph\">{\"@context\":\"https:\/\/schema.org\",\"@graph\":[{\"@type\":\"WebPage\",\"@id\":\"https:\/\/www.flutlicht.biz\/en\/services\/ai-services\/\",\"url\":\"https:\/\/www.flutlicht.biz\/en\/services\/ai-services\/\",\"name\":\"AI consulting and services for comms and PR teams | Flutlicht\",\"isPartOf\":{\"@id\":\"https:\/\/www.flutlicht.biz\/#website\"},\"primaryImageOfPage\":{\"@id\":\"https:\/\/www.flutlicht.biz\/en\/services\/ai-services\/#primaryimage\"},\"image\":{\"@id\":\"https:\/\/www.flutlicht.biz\/en\/services\/ai-services\/#primaryimage\"},\"thumbnailUrl\":\"https:\/\/www.flutlicht.biz\/wp-content\/uploads\/2013\/09\/ki-beratung-flutlicht-agentur-leistungen.png\",\"datePublished\":\"2025-10-16T13:34:03+00:00\",\"dateModified\":\"2025-10-16T14:05:52+00:00\",\"description\":\"You are looking for a sparring partner for AI consulting and services? Then you've come to the right place.\",\"breadcrumb\":{\"@id\":\"https:\/\/www.flutlicht.biz\/en\/services\/ai-services\/#breadcrumb\"},\"inLanguage\":\"en-US\",\"potentialAction\":[{\"@type\":\"ReadAction\",\"target\":[\"https:\/\/www.flutlicht.biz\/en\/services\/ai-services\/\"]}]},{\"@type\":\"ImageObject\",\"inLanguage\":\"en-US\",\"@id\":\"https:\/\/www.flutlicht.biz\/en\/services\/ai-services\/#primaryimage\",\"url\":\"https:\/\/www.flutlicht.biz\/wp-content\/uploads\/2013\/09\/ki-beratung-flutlicht-agentur-leistungen.png\",\"contentUrl\":\"https:\/\/www.flutlicht.biz\/wp-content\/uploads\/2013\/09\/ki-beratung-flutlicht-agentur-leistungen.png\"},{\"@type\":\"BreadcrumbList\",\"@id\":\"https:\/\/www.flutlicht.biz\/en\/services\/ai-services\/#breadcrumb\",\"itemListElement\":[{\"@type\":\"ListItem\",\"position\":1,\"name\":\"Services\",\"item\":\"https:\/\/www.flutlicht.biz\/en\/services\/\"},{\"@type\":\"ListItem\",\"position\":2,\"name\":\"AI Services\"}]},{\"@type\":\"WebSite\",\"@id\":\"https:\/\/www.flutlicht.biz\/#website\",\"url\":\"https:\/\/www.flutlicht.biz\/\",\"name\":\"Flutlicht\",\"description\":\"PR-Agentur f\u00fcr Technologie IT TK UE in N\u00fcrnberg + M\u00fcnchen - Flutlicht\",\"potentialAction\":[{\"@type\":\"SearchAction\",\"target\":{\"@type\":\"EntryPoint\",\"urlTemplate\":\"https:\/\/www.flutlicht.biz\/?s={search_term_string}\"},\"query-input\":{\"@type\":\"PropertyValueSpecification\",\"valueRequired\":true,\"valueName\":\"search_term_string\"}}],\"inLanguage\":\"en-US\"}]}<\/script>\n<!-- \/ Yoast SEO plugin. -->","yoast_head_json":{"title":"AI consulting and services for comms and PR teams | Flutlicht","description":"You are looking for a sparring partner for AI consulting and services? Then you've come to the right place.","robots":{"index":"index","follow":"follow","max-snippet":"max-snippet:-1","max-image-preview":"max-image-preview:large","max-video-preview":"max-video-preview:-1"},"canonical":"https:\/\/www.flutlicht.biz\/en\/services\/ai-services\/","og_locale":"en_US","og_type":"article","og_title":"AI consulting and services for comms and PR teams | Flutlicht","og_description":"You are looking for a sparring partner for AI consulting and services? Then you've come to the right place.","og_url":"https:\/\/www.flutlicht.biz\/en\/services\/ai-services\/","og_site_name":"Flutlicht","article_publisher":"https:\/\/www.facebook.com\/FlutlichtPR\/","article_modified_time":"2025-10-16T14:05:52+00:00","og_image":[{"width":1080,"height":720,"url":"https:\/\/www.flutlicht.biz\/wp-content\/uploads\/2013\/09\/ki-beratung-flutlicht-agentur-leistungen.png","type":"image\/png"}],"twitter_card":"summary_large_image","twitter_site":"@FlutlichtPR","twitter_misc":{"Est. reading time":"4 minutes"},"schema":{"@context":"https:\/\/schema.org","@graph":[{"@type":"WebPage","@id":"https:\/\/www.flutlicht.biz\/en\/services\/ai-services\/","url":"https:\/\/www.flutlicht.biz\/en\/services\/ai-services\/","name":"AI consulting and services for comms and PR teams | Flutlicht","isPartOf":{"@id":"https:\/\/www.flutlicht.biz\/#website"},"primaryImageOfPage":{"@id":"https:\/\/www.flutlicht.biz\/en\/services\/ai-services\/#primaryimage"},"image":{"@id":"https:\/\/www.flutlicht.biz\/en\/services\/ai-services\/#primaryimage"},"thumbnailUrl":"https:\/\/www.flutlicht.biz\/wp-content\/uploads\/2013\/09\/ki-beratung-flutlicht-agentur-leistungen.png","datePublished":"2025-10-16T13:34:03+00:00","dateModified":"2025-10-16T14:05:52+00:00","description":"You are looking for a sparring partner for AI consulting and services? Then you've come to the right place.","breadcrumb":{"@id":"https:\/\/www.flutlicht.biz\/en\/services\/ai-services\/#breadcrumb"},"inLanguage":"en-US","potentialAction":[{"@type":"ReadAction","target":["https:\/\/www.flutlicht.biz\/en\/services\/ai-services\/"]}]},{"@type":"ImageObject","inLanguage":"en-US","@id":"https:\/\/www.flutlicht.biz\/en\/services\/ai-services\/#primaryimage","url":"https:\/\/www.flutlicht.biz\/wp-content\/uploads\/2013\/09\/ki-beratung-flutlicht-agentur-leistungen.png","contentUrl":"https:\/\/www.flutlicht.biz\/wp-content\/uploads\/2013\/09\/ki-beratung-flutlicht-agentur-leistungen.png"},{"@type":"BreadcrumbList","@id":"https:\/\/www.flutlicht.biz\/en\/services\/ai-services\/#breadcrumb","itemListElement":[{"@type":"ListItem","position":1,"name":"Services","item":"https:\/\/www.flutlicht.biz\/en\/services\/"},{"@type":"ListItem","position":2,"name":"AI Services"}]},{"@type":"WebSite","@id":"https:\/\/www.flutlicht.biz\/#website","url":"https:\/\/www.flutlicht.biz\/","name":"Flutlicht","description":"PR-Agentur f\u00fcr Technologie IT TK UE in N\u00fcrnberg + M\u00fcnchen - Flutlicht","potentialAction":[{"@type":"SearchAction","target":{"@type":"EntryPoint","urlTemplate":"https:\/\/www.flutlicht.biz\/?s={search_term_string}"},"query-input":{"@type":"PropertyValueSpecification","valueRequired":true,"valueName":"search_term_string"}}],"inLanguage":"en-US"}]}},"_links":{"self":[{"href":"https:\/\/www.flutlicht.biz\/en\/wp-json\/wp\/v2\/pages\/22885","targetHints":{"allow":["GET"]}}],"collection":[{"href":"https:\/\/www.flutlicht.biz\/en\/wp-json\/wp\/v2\/pages"}],"about":[{"href":"https:\/\/www.flutlicht.biz\/en\/wp-json\/wp\/v2\/types\/page"}],"author":[{"embeddable":true,"href":"https:\/\/www.flutlicht.biz\/en\/wp-json\/wp\/v2\/users\/15"}],"replies":[{"embeddable":true,"href":"https:\/\/www.flutlicht.biz\/en\/wp-json\/wp\/v2\/comments?post=22885"}],"version-history":[{"count":15,"href":"https:\/\/www.flutlicht.biz\/en\/wp-json\/wp\/v2\/pages\/22885\/revisions"}],"predecessor-version":[{"id":22904,"href":"https:\/\/www.flutlicht.biz\/en\/wp-json\/wp\/v2\/pages\/22885\/revisions\/22904"}],"up":[{"embeddable":true,"href":"https:\/\/www.flutlicht.biz\/en\/wp-json\/wp\/v2\/pages\/5662"}],"wp:attachment":[{"href":"https:\/\/www.flutlicht.biz\/en\/wp-json\/wp\/v2\/media?parent=22885"}],"curies":[{"name":"wp","href":"https:\/\/api.w.org\/{rel}","templated":true}]}}